{"id":1731,"date":"2022-04-20T17:28:31","date_gmt":"2022-04-20T15:28:31","guid":{"rendered":"https:\/\/www.stabiacciu.com\/attivita-e-servizi\/"},"modified":"2023-04-04T09:45:05","modified_gmt":"2023-04-04T07:45:05","slug":"attivita-e-servizi","status":"publish","type":"page","link":"https:\/\/www.stabiacciu.com\/it\/attivita-e-servizi\/","title":{"rendered":"Attivit\u00e0 e servizi"},"content":{"rendered":"\n<div class=\"wp-block-cover is-light boxage-large s-100-a\" style=\"min-height:609px\"><span aria-hidden=\"true\" class=\"has-background-dim-0 wp-block-cover__gradient-background has-background-dim\"><\/span><img width=\"1920\" height=\"1280\" class=\"wp-block-cover__image-background wp-image-1036\" alt=\"\" src=\"https:\/\/www.stabiacciu.com\/wp-content\/uploads\/2022\/04\/X8A7178.jpg\" style=\"object-position:52% 61%\" data-object-fit=\"cover\" data-object-position=\"52% 61%\" srcset=\"https:\/\/www.stabiacciu.com\/wp-content\/uploads\/2022\/04\/X8A7178.jpg 1920w, https:\/\/www.stabiacciu.com\/wp-content\/uploads\/2022\/04\/X8A7178-300x200.jpg 300w, https:\/\/www.stabiacciu.com\/wp-content\/uploads\/2022\/04\/X8A7178-1024x683.jpg 1024w, https:\/\/www.stabiacciu.com\/wp-content\/uploads\/2022\/04\/X8A7178-768x512.jpg 768w, https:\/\/www.stabiacciu.com\/wp-content\/uploads\/2022\/04\/X8A7178-1536x1024.jpg 1536w\" sizes=\"(max-width: 1920px) 100vw, 1920px\" \/><div class=\"wp-block-cover__inner-container\">\n<p class=\"has-large-font-size\"><\/p>\n<\/div><\/div>\n\n\n\n<section class=\"wp-container-6a09a440c6a99 wp-block-group\"><div class=\"wp-block-group__inner-container\">\n<div class=\"wp-block-columns boxage-medium s-90-c\">\n<div class=\"wp-block-column\" style=\"flex-basis:60%\">\n<h1 id=\"animations-services-du-camping-u-stabiacciu\">Intrattenimento <strong> e servizi<\/strong> <br><em>del campeggio \u00dc Stabiacciu<\/em><\/h1>\n\n\n\n<p>Al campeggio \u00dc Stabiacciu, non c&#8217;\u00e8 tempo per annoiarsi. Il team del campeggio ha messo insieme un programma molto speciale per te. Di pomeriggio o di sera, ballate e divertitevi alle <strong>nostre feste in piscina<\/strong> e alle <strong>serate con DJ<\/strong>. Approfittate dei nostri <strong>vari servizi<\/strong> per un soggiorno da sogno: <strong>bar, ristorante-pizzeria-grill, gelateria, barbecue<\/strong>, ecc.<\/p>\n<\/div>\n\n\n\n<div class=\"wp-block-column is-vertically-aligned-center\" style=\"flex-basis:40%\">\n<p class=\"has-text-align-center ligne-pictos\"><i class=\"far fa-water-ladder\"><\/i><i class=\"far fa-mask-snorkel\"><\/i><i class=\"far fa-person-hiking\"><\/i><i class=\"far fa-volleyball\"><\/i><i class=\"far fa-speaker\"><\/i><\/p>\n<\/div>\n<\/div>\n<\/div><\/section>\n\n\n\n<div class=\"wp-block-cover is-light\" style=\"min-height:375px\"><span aria-hidden=\"true\" class=\"has-couleur-1-background-color wp-block-cover__gradient-background has-background-dim\"><\/span><img width=\"1843\" height=\"1228\" class=\"wp-block-cover__image-background wp-image-700\" alt=\"\" src=\"https:\/\/www.stabiacciu.com\/wp-content\/uploads\/2022\/04\/cyril-caiazzo-_yma0ceyje4-unsplash.jpg\" style=\"object-position:41% 29%\" data-object-fit=\"cover\" data-object-position=\"41% 29%\" srcset=\"https:\/\/www.stabiacciu.com\/wp-content\/uploads\/2022\/04\/cyril-caiazzo-_yma0ceyje4-unsplash.jpg 1843w, https:\/\/www.stabiacciu.com\/wp-content\/uploads\/2022\/04\/cyril-caiazzo-_yma0ceyje4-unsplash-300x200.jpg 300w, https:\/\/www.stabiacciu.com\/wp-content\/uploads\/2022\/04\/cyril-caiazzo-_yma0ceyje4-unsplash-1024x682.jpg 1024w, https:\/\/www.stabiacciu.com\/wp-content\/uploads\/2022\/04\/cyril-caiazzo-_yma0ceyje4-unsplash-768x512.jpg 768w, https:\/\/www.stabiacciu.com\/wp-content\/uploads\/2022\/04\/cyril-caiazzo-_yma0ceyje4-unsplash-1536x1023.jpg 1536w\" sizes=\"(max-width: 1843px) 100vw, 1843px\" \/><div class=\"wp-block-cover__inner-container\">\n<p class=\"has-text-align-center has-large-font-size\"><\/p>\n<\/div><\/div>\n\n\n\n<section class=\"wp-container-6a09a440c73c3 wp-block-group bg-turquoise\"><div class=\"wp-block-group__inner-container\">\n<div class=\"wp-block-columns boxage-large s-80-c\">\n<div class=\"wp-block-column\">\n<h2 id=\"les-activites-animations-en-journee-a-u-stabiacciu\">Attivit\u00e0 e <strong>divertimento<\/strong> <br><em>durante il giorno in \u00dc Stabiacciu<\/em><\/h2>\n\n\n\n<p>Se non sei cos\u00ec appassionato di feste in piscina ed eventi musicali, il campeggio \u00dc Stabiacciu offre anche una <strong>vasta gamma di attivit\u00e0<\/strong> da fare <strong>in loco<\/strong> o <strong>nei dintorni<\/strong>.<\/p>\n\n\n\n<p class=\"titreh3\">Sul posto<\/p>\n\n\n\n<p>Provate i nostri vari <strong>ristoranti<\/strong> e <strong>bar<\/strong> per momenti conviviali con la famiglia e gli amici. Poi vai a giocare un <strong>torneo di ping-pong<\/strong> contro gli ospiti del campeggio. Venite a scoprire la Corsica con dei bambini? Un <strong>parco giochi<\/strong> con un <strong>trampolino<\/strong> \u00e8 disponibile.<\/p>\n\n\n\n<p class=\"titreh3\">Nelle vicinanze<\/p>\n\n\n\n<p>In pochi minuti, avete accesso alla citt\u00e0 di <strong>Porto Vecchio<\/strong>. Puoi fare <strong>jet ski<\/strong>, <strong>sci nautico<\/strong>, <strong>windsurf<\/strong> o <strong>immersioni<\/strong>! Se preferisci tenere i piedi per terra, puoi andare a<strong>cavallo<\/strong>, andare al <strong>cinema <\/strong>o <strong>in discoteca<\/strong>, o divertirti <strong>al Luna Park<\/strong>. Ci sono anche diversi sentieri<strong> escursionistici<\/strong> per tutti i livelli. Rilassatevi su una delle magnifiche spiagge della Corsica del Sud: <strong>Santa Giulia<\/strong> e <strong>Palombaggia<\/strong>.<\/p>\n\n\n\n<p class=\"titreh3\">I nostri partner<\/p>\n\n\n\n<ul><li><strong><a href=\"http:\/\/www.jetliberty.com\/\" target=\"_blank\" rel=\"noreferrer noopener\">Tour in moto d&#8217;acqua<\/a><\/strong><\/li><li><strong><a href=\"http:\/\/www.amour-des-iles.com\/croisiere-corse\/\" target=\"_blank\" rel=\"noreferrer noopener\">Crociere alle Isole Lavezzi<\/a><\/strong><\/li><li><strong><a href=\"http:\/\/www.corsicadiving.com\/\" target=\"_blank\" rel=\"noreferrer noopener\">Immersione subacquea<\/a><\/strong><\/li><li><strong><a href=\"https:\/\/www.facebook.com\/Lacciaro-plage-1400660663540760\/?fref=ts\" target=\"_blank\" rel=\"noreferrer noopener\">Pagaia, kayak e pedal\u00f2<\/a><\/strong><\/li><li><strong><a href=\"http:\/\/www.blue-mare.com\/\" target=\"_blank\" rel=\"noreferrer noopener\">Noleggio di barche<\/a><\/strong><\/li><\/ul>\n<\/div>\n\n\n\n<div class=\"wp-block-column\">\n<figure class=\"wp-block-gallery has-nested-images columns-default is-cropped cadre-top-right carrousel-deuximg overlay-top\">\n<figure class=\"wp-block-image size-full\"><img width=\"386\" height=\"500\" src=\"https:\/\/www.stabiacciu.com\/wp-content\/uploads\/2022\/04\/santa_giulia_ski_club__3420151105141129_500x500x65.jpg\" alt=\"\" class=\"wp-image-759\" srcset=\"https:\/\/www.stabiacciu.com\/wp-content\/uploads\/2022\/04\/santa_giulia_ski_club__3420151105141129_500x500x65.jpg 386w, https:\/\/www.stabiacciu.com\/wp-content\/uploads\/2022\/04\/santa_giulia_ski_club__3420151105141129_500x500x65-232x300.jpg 232w\" sizes=\"(max-width: 386px) 100vw, 386px\" \/><\/figure>\n\n\n\n<figure class=\"wp-block-image size-medium\"><img width=\"547\" height=\"600\" src=\"https:\/\/www.stabiacciu.com\/wp-content\/uploads\/2022\/04\/terrasse-3.jpg\" alt=\"Campeggio \u00dc Stabiacciu : Terrazza 3\" class=\"wp-image-1069\" srcset=\"https:\/\/www.stabiacciu.com\/wp-content\/uploads\/2022\/04\/terrasse-3.jpg 547w, https:\/\/www.stabiacciu.com\/wp-content\/uploads\/2022\/04\/terrasse-3-274x300.jpg 274w\" sizes=\"(max-width: 547px) 100vw, 547px\" \/><\/figure>\n\n\n\n<figure class=\"wp-block-image size-medium\"><img width=\"450\" height=\"600\" src=\"https:\/\/www.stabiacciu.com\/wp-content\/uploads\/2022\/04\/20210930_120926-1.jpg\" alt=\"Campeggio \u00dc Stabiacciu : 20210930 120926\" class=\"wp-image-1073\" srcset=\"https:\/\/www.stabiacciu.com\/wp-content\/uploads\/2022\/04\/20210930_120926-1.jpg 450w, https:\/\/www.stabiacciu.com\/wp-content\/uploads\/2022\/04\/20210930_120926-1-225x300.jpg 225w\" sizes=\"(max-width: 450px) 100vw, 450px\" \/><\/figure>\n\n\n\n<figure class=\"wp-block-image size-medium\"><img width=\"606\" height=\"600\" src=\"https:\/\/www.stabiacciu.com\/wp-content\/uploads\/2022\/04\/Screenshot_20210912-104213_Instagram.jpg\" alt=\"Camping \u00dc Stabiacciu : Screenshot 20210912 104213 Instagram\" class=\"wp-image-1085\" srcset=\"https:\/\/www.stabiacciu.com\/wp-content\/uploads\/2022\/04\/Screenshot_20210912-104213_Instagram.jpg 606w, https:\/\/www.stabiacciu.com\/wp-content\/uploads\/2022\/04\/Screenshot_20210912-104213_Instagram-300x297.jpg 300w, https:\/\/www.stabiacciu.com\/wp-content\/uploads\/2022\/04\/Screenshot_20210912-104213_Instagram-150x150.jpg 150w\" sizes=\"(max-width: 606px) 100vw, 606px\" \/><\/figure>\n\n\n\n<figure class=\"wp-block-image size-medium\"><img width=\"568\" height=\"600\" src=\"https:\/\/www.stabiacciu.com\/wp-content\/uploads\/2022\/04\/bord-piscine.jpg\" alt=\"Campeggio \u00dc Stabiacciu : Piscina\" class=\"wp-image-1077\" srcset=\"https:\/\/www.stabiacciu.com\/wp-content\/uploads\/2022\/04\/bord-piscine.jpg 568w, https:\/\/www.stabiacciu.com\/wp-content\/uploads\/2022\/04\/bord-piscine-284x300.jpg 284w\" sizes=\"(max-width: 568px) 100vw, 568px\" \/><\/figure>\n\n\n\n<figure class=\"wp-block-image size-medium\"><img width=\"359\" height=\"600\" src=\"https:\/\/www.stabiacciu.com\/wp-content\/uploads\/2022\/04\/Screenshot_20210913-224222_Maps.jpg\" alt=\"Camping \u00dc Stabiacciu : Screenshot 20210913 224222 Mappe\" class=\"wp-image-1081\" srcset=\"https:\/\/www.stabiacciu.com\/wp-content\/uploads\/2022\/04\/Screenshot_20210913-224222_Maps.jpg 359w, https:\/\/www.stabiacciu.com\/wp-content\/uploads\/2022\/04\/Screenshot_20210913-224222_Maps-180x300.jpg 180w\" sizes=\"(max-width: 359px) 100vw, 359px\" \/><\/figure>\n\n\n\n<figure class=\"wp-block-image size-medium\"><img width=\"800\" height=\"600\" src=\"https:\/\/www.stabiacciu.com\/wp-content\/uploads\/2022\/04\/restaurant_04.jpg\" alt=\"\" class=\"wp-image-2040\" srcset=\"https:\/\/www.stabiacciu.com\/wp-content\/uploads\/2022\/04\/restaurant_04.jpg 800w, https:\/\/www.stabiacciu.com\/wp-content\/uploads\/2022\/04\/restaurant_04-300x225.jpg 300w, https:\/\/www.stabiacciu.com\/wp-content\/uploads\/2022\/04\/restaurant_04-768x576.jpg 768w\" sizes=\"(max-width: 800px) 100vw, 800px\" \/><\/figure>\n<\/figure>\n\n\n\n<div class=\"wp-container-6a09a440c70ed wp-block-buttons\">\n<div class=\"wp-block-button btn_full btn_resa\"><a class=\"wp-block-button__link\">Prenota il mio soggiorno  <i class=\"far fa-magnifying-glass\"><\/i><\/a><\/div>\n\n\n\n<div class=\"wp-block-button\"><a class=\"wp-block-button__link\" href=\"https:\/\/www.stabiacciu.com\/it\/turismo\/\">Scoprire la Corsica del Sud  <i class=\"far fa-angle-right\"><\/i><\/a><\/div>\n<\/div>\n<\/div>\n<\/div>\n<\/div><\/section>\n\n\n\n<div class=\"wp-block-cover\" style=\"min-height:311px\"><span aria-hidden=\"true\" class=\"has-couleur-3-background-color wp-block-cover__gradient-background has-background-dim\"><\/span><img width=\"1920\" height=\"1440\" class=\"wp-block-cover__image-background wp-image-2032\" alt=\"Camping \u00dc Stabiacciu : Restaurant Full\" src=\"https:\/\/www.stabiacciu.com\/wp-content\/uploads\/2022\/04\/restaurant_full.jpg\" data-object-fit=\"cover\" srcset=\"https:\/\/www.stabiacciu.com\/wp-content\/uploads\/2022\/04\/restaurant_full.jpg 1920w, https:\/\/www.stabiacciu.com\/wp-content\/uploads\/2022\/04\/restaurant_full-300x225.jpg 300w, https:\/\/www.stabiacciu.com\/wp-content\/uploads\/2022\/04\/restaurant_full-1024x768.jpg 1024w, https:\/\/www.stabiacciu.com\/wp-content\/uploads\/2022\/04\/restaurant_full-768x576.jpg 768w, https:\/\/www.stabiacciu.com\/wp-content\/uploads\/2022\/04\/restaurant_full-1536x1152.jpg 1536w\" sizes=\"(max-width: 1920px) 100vw, 1920px\" \/><div class=\"wp-block-cover__inner-container\">\n<p class=\"has-text-align-center has-large-font-size\"><\/p>\n<\/div><\/div>\n\n\n\n<section class=\"wp-container-6a09a440c7845 wp-block-group\"><div class=\"wp-block-group__inner-container\">\n<div class=\"wp-block-columns boxage-medium s-90-c\">\n<div class=\"wp-block-column\">\n<h2 id=\"les-services-proposes-au-camping-a-porto-vecchio\">I servizi <strong>offerti <\/strong> <br><em>al campeggio di Porto Vecchio<\/em><\/h2>\n\n\n\n<p class=\"ligne-pictos\"><i class=\"far fa-washing-machine\"><\/i><i class=\"far fa-baby\"><\/i><i class=\"far fa-shish-kebab\"><\/i><i class=\"far fa-bolt\"><\/i><\/p>\n\n\n\n<p>Al campeggio \u00dc Stabiacciu, troverete tutti i <strong>servizi necessari<\/strong> per un soggiorno perfetto. Il campeggio ha diversi <strong>ristoranti e bar<\/strong>. Potete comprare i vostri dolci al mattino grazie al <strong>negozio di pane<\/strong>. Voglia di una piccola delizia?  <strong>Vendiamo <\/strong>anche <strong>gelati <\/strong>per il piacere delle papille gustative di grandi e piccini.<\/p>\n\n\n\n<p>Inoltre, il campeggio offre<strong> frigoriferi a noleggio<\/strong> e <strong>barbecue comuni<\/strong>. C&#8217;\u00e8 una zona lavanderia: con <strong>lavatrice<\/strong>, <strong>asciugatrice<\/strong>, <strong>asse e ferro da stiro<\/strong>, e una zona <strong>nursery<\/strong>.<\/p>\n\n\n\n<p>Se avete bisogno di servizi speciali come una farmacia, \u00dc Stabiacciu \u00e8<strong> a<\/strong> 1<strong>,5 km dal centro di Porto Vecchio<\/strong> e <strong>a 2,5 km dal porto<\/strong>. Per comodit\u00e0, c&#8217;\u00e8 un <strong>panificio<\/strong> e un <strong>supermercato<\/strong> a soli <strong>500 metri<\/strong> dal campeggio.<\/p>\n<\/div>\n\n\n\n<div class=\"wp-block-column\">\n<figure class=\"wp-block-image size-full overlay-top cadre-bottom-right\"><img width=\"659\" height=\"600\" src=\"https:\/\/www.stabiacciu.com\/wp-content\/uploads\/2022\/04\/restaurant_05.jpg\" alt=\"\" class=\"wp-image-2084\" srcset=\"https:\/\/www.stabiacciu.com\/wp-content\/uploads\/2022\/04\/restaurant_05.jpg 659w, https:\/\/www.stabiacciu.com\/wp-content\/uploads\/2022\/04\/restaurant_05-300x273.jpg 300w\" sizes=\"(max-width: 659px) 100vw, 659px\" \/><\/figure>\n<\/div>\n<\/div>\n<\/div><\/section>\n","protected":false},"excerpt":{"rendered":"<p>Intrattenimento e servizi del campeggio \u00dc Stabiacciu Al campeggio \u00dc Stabiacciu, non c&#8217;\u00e8 tempo per annoiarsi. Il team del campeggio ha messo insieme un programma molto speciale per te. Di pomeriggio o di sera, ballate e divertitevi alle nostre feste in piscina e alle serate con DJ. Approfittate dei nostri vari servizi per un soggiorno [&hellip;]<\/p>\n","protected":false},"author":1,"featured_media":0,"parent":0,"menu_order":0,"comment_status":"closed","ping_status":"closed","template":"","meta":[],"acf":[],"_links":{"self":[{"href":"https:\/\/www.stabiacciu.com\/it\/wp-json\/wp\/v2\/pages\/1731"}],"collection":[{"href":"https:\/\/www.stabiacciu.com\/it\/wp-json\/wp\/v2\/pages"}],"about":[{"href":"https:\/\/www.stabiacciu.com\/it\/wp-json\/wp\/v2\/types\/page"}],"author":[{"embeddable":true,"href":"https:\/\/www.stabiacciu.com\/it\/wp-json\/wp\/v2\/users\/1"}],"replies":[{"embeddable":true,"href":"https:\/\/www.stabiacciu.com\/it\/wp-json\/wp\/v2\/comments?post=1731"}],"version-history":[{"count":6,"href":"https:\/\/www.stabiacciu.com\/it\/wp-json\/wp\/v2\/pages\/1731\/revisions"}],"predecessor-version":[{"id":2671,"href":"https:\/\/www.stabiacciu.com\/it\/wp-json\/wp\/v2\/pages\/1731\/revisions\/2671"}],"wp:attachment":[{"href":"https:\/\/www.stabiacciu.com\/it\/wp-json\/wp\/v2\/media?parent=1731"}],"curies":[{"name":"wp","href":"https:\/\/api.w.org\/{rel}","templated":true}]}}