{"id":1765,"date":"2022-04-20T21:09:12","date_gmt":"2022-04-20T19:09:12","guid":{"rendered":"https:\/\/www.stabiacciu.com\/wasserraum\/"},"modified":"2024-04-03T11:45:23","modified_gmt":"2024-04-03T09:45:23","slug":"wasserraum","status":"publish","type":"page","link":"https:\/\/www.stabiacciu.com\/de\/wasserraum\/","title":{"rendered":"Wasserraum"},"content":{"rendered":"\n<div class=\"wp-container-6a09d842d8871 wp-block-group bg-violet\"><div class=\"wp-block-group__inner-container\">\n<div class=\"wp-block-cover boxage-large s-100-a\" style=\"min-height:609px\"><span aria-hidden=\"true\" class=\"has-background-dim-0 wp-block-cover__gradient-background has-background-dim\"><\/span><img width=\"1920\" height=\"1280\" class=\"wp-block-cover__image-background wp-image-1095\" alt=\"\" src=\"https:\/\/www.stabiacciu.com\/wp-content\/uploads\/2022\/04\/X8A6286.jpg\" style=\"object-position:52% 77%\" data-object-fit=\"cover\" data-object-position=\"52% 77%\" srcset=\"https:\/\/www.stabiacciu.com\/wp-content\/uploads\/2022\/04\/X8A6286.jpg 1920w, https:\/\/www.stabiacciu.com\/wp-content\/uploads\/2022\/04\/X8A6286-300x200.jpg 300w, https:\/\/www.stabiacciu.com\/wp-content\/uploads\/2022\/04\/X8A6286-1024x683.jpg 1024w, https:\/\/www.stabiacciu.com\/wp-content\/uploads\/2022\/04\/X8A6286-768x512.jpg 768w, https:\/\/www.stabiacciu.com\/wp-content\/uploads\/2022\/04\/X8A6286-1536x1024.jpg 1536w\" sizes=\"(max-width: 1920px) 100vw, 1920px\" \/><div class=\"wp-block-cover__inner-container\">\n<p class=\"has-large-font-size\"><\/p>\n<\/div><\/div>\n\n\n\n<div class=\"wp-block-columns boxage-large s-80-c\">\n<div class=\"wp-block-column\">\n<figure class=\"wp-block-image size-full cadre-bottom-right overlay-top\"><a href=\"https:\/\/www.restaurant-portovecchio.fr\/\" target=\"_blank\" rel=\"noopener\"><img width=\"719\" height=\"719\" src=\"https:\/\/www.stabiacciu.com\/wp-content\/uploads\/2022\/04\/Screenshot_20220323-154935_Facebook.jpg\" alt=\"Campingplatz \u00dc Stabiacciu: X8a7591\" class=\"wp-image-602\" srcset=\"https:\/\/www.stabiacciu.com\/wp-content\/uploads\/2022\/04\/Screenshot_20220323-154935_Facebook.jpg 719w, https:\/\/www.stabiacciu.com\/wp-content\/uploads\/2022\/04\/Screenshot_20220323-154935_Facebook-300x300.jpg 300w, https:\/\/www.stabiacciu.com\/wp-content\/uploads\/2022\/04\/Screenshot_20220323-154935_Facebook-150x150.jpg 150w\" sizes=\"(max-width: 719px) 100vw, 719px\" \/><\/a><\/figure>\n\n\n\n<div class=\"wp-block-columns s-80-a\">\n<div class=\"wp-block-column is-vertically-aligned-center\" style=\"flex-basis:35%\">\n<p class=\"legende\"><strong>Folgen Sie uns<\/strong><\/p>\n\n\n\n<p class=\"has-text-align-left\">Um keine Party zu verpassen<\/p>\n<\/div>\n\n\n\n<div class=\"wp-block-column\" style=\"flex-basis:65%\">\n<p class=\"has-text-align-left ligne-pictos\"><a rel=\"noreferrer noopener\" href=\"https:\/\/snapchat.com\/add\/ustabiacciu\" target=\"_blank\"><i class=\"fab fa-snapchat\"><\/i><\/a><a rel=\"noreferrer noopener\" href=\"https:\/\/www.instagram.com\/hupama_pv\/\" data-type=\"URL\" data-id=\"https:\/\/www.instagram.com\/hupama_pv\/\" target=\"_blank\"><i class=\"fab fa-instagram\"><\/i><\/a><a rel=\"noreferrer noopener\" href=\"https:\/\/www.facebook.com\/Hupama-105618785067309\" target=\"_blank\"><i class=\"fab fa-facebook\"><\/i><\/a><\/p>\n<\/div>\n<\/div>\n<\/div>\n\n\n\n<div class=\"wp-block-column\">\n<h1 id=\"decouvrez-hupamanotre-espace-aquatique-dedie\">Entdecken Sie <strong>Hupama<\/strong> <br><em>das Schwimmbad des Campingplatzes<\/em> <\/h1>\n\n\n\n<a href=\"https:\/\/www.travelmyth.co.uk\/Corsica\/Hotels\/pool\" target=\"_blank\" rel=\"noopener\"><img src=\"https:\/\/photos.travelmyth.com\/awards\/1312\/travelmyth_1312041_3cPi_r_in-the-world_pool_p0_y2023_8c54_en_web.png\" alt=\"Hotels mit Schwimmbad auf Korsika\" width=\"160\" border=\"0\"><\/a>\n\n\n\n<p><strong>VON ANFANG MAI BIS ENDE SEPTEMBER GE\u00d6FFNET<\/strong><\/p>\n\n\n\n<p>Der <strong>festliche Campingplatz \u00dc Stabiacciu in S\u00fcdkorsika<\/strong> liegt am s\u00fcdlichen Ausgang von <a href=\"https:\/\/www.stabiacciu.com\/de\/alentours\/porto-vecchio\/\" data-type=\"alentours\" data-id=\"1283\">Porto-Vecchio<\/a> und verf\u00fcgt \u00fcber einen gro\u00dfen <strong>Wasserbereich<\/strong>, der Ihren Urlaub stimmungsvoll gestalten wird: Tauchen Sie in die Clubwelt von <strong>HUPAMA<\/strong> ein.<\/p>\n\n\n\n<p><strong>HUPAMA<\/strong> ist mit einem 14mx6m gro\u00dfen Pool ausgestattet, der in der Nebensaison mit Solarenergie beheizt wird. Der Pool ist das Herzst\u00fcck eines Bereichs, der der Entspannung, dem Feiern und der Geselligkeit gewidmet ist. Um sie herum sind ein <strong>Restaurant mit Grill &amp; Bar<\/strong>, verschiedene kleine Lounges und Liegest\u00fchle angeordnet. Damit sind Ihnen gute Zeiten auf dem Campingplatz in Porto Vecchio mit Pool unter der Sonne der <strong>Insel der Sch\u00f6nheit<\/strong> garantiert!<\/p>\n\n\n\n<p class=\"has-text-align-left ligne-pictos\"><i class=\"far fa-umbrella-beach\"><\/i><i class=\"far fa-champagne-glasses\"><\/i><i class=\"far fa-party-horn\"><\/i><i class=\"far fa-boombox\"><\/i><i class=\"far fa-fork-knife\"><\/i><\/p>\n\n\n\n<p><a href=\"https:\/\/www.travelmyth.co.uk\/Corsica\/Hotels\/pool\"><\/a><a href=\"https:\/\/www.travelmyth.co.uk\/Corsica\/Hotels\/pool\"><\/a><a href=\"https:\/\/www.travelmyth.co.uk\/Corsica\/Hotels\/pool\"><\/a><\/p>\n<\/div>\n<\/div>\n<\/div><\/div>\n\n\n\n<div class=\"wp-block-cover is-light\" style=\"min-height:375px\"><span aria-hidden=\"true\" class=\"has-couleur-1-background-color wp-block-cover__gradient-background has-background-dim\"><\/span><img width=\"1920\" height=\"1280\" class=\"wp-block-cover__image-background wp-image-1036\" alt=\"\" src=\"https:\/\/www.stabiacciu.com\/wp-content\/uploads\/2022\/04\/X8A7178.jpg\" style=\"object-position:57% 49%\" data-object-fit=\"cover\" data-object-position=\"57% 49%\" srcset=\"https:\/\/www.stabiacciu.com\/wp-content\/uploads\/2022\/04\/X8A7178.jpg 1920w, https:\/\/www.stabiacciu.com\/wp-content\/uploads\/2022\/04\/X8A7178-300x200.jpg 300w, https:\/\/www.stabiacciu.com\/wp-content\/uploads\/2022\/04\/X8A7178-1024x683.jpg 1024w, https:\/\/www.stabiacciu.com\/wp-content\/uploads\/2022\/04\/X8A7178-768x512.jpg 768w, https:\/\/www.stabiacciu.com\/wp-content\/uploads\/2022\/04\/X8A7178-1536x1024.jpg 1536w\" sizes=\"(max-width: 1920px) 100vw, 1920px\" \/><div class=\"wp-block-cover__inner-container\">\n<p class=\"has-text-align-center has-large-font-size\"><\/p>\n<\/div><\/div>\n\n\n\n<section class=\"wp-container-6a09d842d9182 wp-block-group bg-turquoise\"><div class=\"wp-block-group__inner-container\">\n<div class=\"wp-block-columns boxage-large s-80-c\">\n<div class=\"wp-block-column\">\n<h2 id=\"espace-piscine-avec-bar-et-restaurant\"><strong>Poolbereich<\/strong> <br><em>mit Bar und Restaurant<\/em><\/h2>\n\n\n\n<div class=\"hupama-link\"><link href=\"https:\/\/awards.infcdn.net\/2024\/r_gold.css\" rel=\"stylesheet\"><div id=\"b-gold\" onclick=\"if(event.target.nodeName.toLowerCase() != 'a') {window.open(this.querySelector('.b-gold_r-link').href);return 0;}\"> <a href=\"https:\/\/restaurantguru.com\/Hupama-Porto-Vecchio\" class=\"b-gold_r-link\" target=\"_blank\" rel=\"noopener\">Hupama<\/a> <p class=\"b-gold_center\">Recommended<\/p> <a href=\"https:\/\/restaurantguru.com\" class=\"b-gold__link\" target=\"_blank\" rel=\"noopener\">Restaurant Guru<\/a> <p class=\"b-gold_year\">2024<\/p><\/div><\/div>\n\n\n\n<figure class=\"wp-block-image size-thumbnail hupama-link\"><a href=\"https:\/\/www.restaurant-portovecchio.fr\/\" target=\"_blank\" rel=\"noopener\"><img width=\"150\" height=\"150\" src=\"https:\/\/www.stabiacciu.com\/wp-content\/uploads\/2022\/04\/Screenshot_20220323-154935_Facebook-150x150.jpg\" alt=\"Campingplatz \u00dc Stabiacciu: X8a7591\" class=\"wp-image-602\" srcset=\"https:\/\/www.stabiacciu.com\/wp-content\/uploads\/2022\/04\/Screenshot_20220323-154935_Facebook-150x150.jpg 150w, https:\/\/www.stabiacciu.com\/wp-content\/uploads\/2022\/04\/Screenshot_20220323-154935_Facebook-300x300.jpg 300w, https:\/\/www.stabiacciu.com\/wp-content\/uploads\/2022\/04\/Screenshot_20220323-154935_Facebook.jpg 719w\" sizes=\"(max-width: 150px) 100vw, 150px\" \/><\/a><\/figure>\n\n\n\n<p>Der <strong>festliche Campingplatz Porto Vecchio \u00dc Stabiacciu<\/strong> l\u00e4dt Sie dazu ein, sich an seinem <strong>Pool inmitten von Pinien<\/strong> zu entspannen. Schalten Sie f\u00fcr einen Moment ab, w\u00e4hrend Sie mit einem <strong>Cocktail<\/strong> oder einem <strong>Eis<\/strong> in der Hand dem Ger\u00e4usch des pl\u00e4tschernden Wassers lauschen. Legen Sie sich auf eine unserer <strong>zahlreichen Sonnenliegen<\/strong> und lassen Sie die korsische Sonne Ihre Br\u00e4une perfektionieren. <strong>Was die Nutzung der Beds betrifft, so ist der Verzehr obligatorisch.<\/strong><\/p>\n\n\n\n<p><i class=\"far fa-plate-utensils\"><\/i><i class=\"far fa-lobster\"><\/i><i class=\"far fa-table-picnic\"><\/i><i class=\"far fa-ice-cream\"><\/i><\/p>\n\n\n\n<div class=\"wp-container-6a09d842d8d09 wp-block-buttons\">\n<div class=\"wp-block-button\"><a class=\"wp-block-button__link\" href=\"https:\/\/www.stabiacciu.com\/de\/aktivitaeten-dienstleistungen\/\">Alle unsere Dienstleistungen ansehen <i class=\"far fa-angle-right\"><\/i><\/a><\/div>\n<\/div>\n<\/div>\n\n\n\n<div class=\"wp-block-column\">\n<figure class=\"wp-block-gallery has-nested-images columns-default is-cropped cadre-top-right carrousel-deuximg overlay-top\">\n<figure class=\"wp-block-image size-medium\"><img width=\"606\" height=\"600\" src=\"https:\/\/www.stabiacciu.com\/wp-content\/uploads\/2022\/04\/Screenshot_20210912-104213_Instagram.jpg\" alt=\"Camping \u00dc Stabiacciu : pizza restaurant\" class=\"wp-image-1085\" srcset=\"https:\/\/www.stabiacciu.com\/wp-content\/uploads\/2022\/04\/Screenshot_20210912-104213_Instagram.jpg 606w, https:\/\/www.stabiacciu.com\/wp-content\/uploads\/2022\/04\/Screenshot_20210912-104213_Instagram-300x297.jpg 300w, https:\/\/www.stabiacciu.com\/wp-content\/uploads\/2022\/04\/Screenshot_20210912-104213_Instagram-150x150.jpg 150w\" sizes=\"(max-width: 606px) 100vw, 606px\" \/><\/figure>\n\n\n\n<figure class=\"wp-block-image size-medium\"><img width=\"450\" height=\"600\" src=\"https:\/\/www.stabiacciu.com\/wp-content\/uploads\/2022\/04\/20210930_120926-1.jpg\" alt=\"Camping \u00dc Stabiacciu : Campingplatz mit Schwimmbad in Porto Vecchio\" class=\"wp-image-1073\" srcset=\"https:\/\/www.stabiacciu.com\/wp-content\/uploads\/2022\/04\/20210930_120926-1.jpg 450w, https:\/\/www.stabiacciu.com\/wp-content\/uploads\/2022\/04\/20210930_120926-1-225x300.jpg 225w\" sizes=\"(max-width: 450px) 100vw, 450px\" \/><\/figure>\n\n\n\n<figure class=\"wp-block-image size-medium\"><img width=\"568\" height=\"600\" src=\"https:\/\/www.stabiacciu.com\/wp-content\/uploads\/2022\/04\/bord-piscine.jpg\" alt=\"Camping \u00dc Stabiacciu : Campingplatz mit Schwimmbad in Porto Vecchio\" class=\"wp-image-1077\" srcset=\"https:\/\/www.stabiacciu.com\/wp-content\/uploads\/2022\/04\/bord-piscine.jpg 568w, https:\/\/www.stabiacciu.com\/wp-content\/uploads\/2022\/04\/bord-piscine-284x300.jpg 284w\" sizes=\"(max-width: 568px) 100vw, 568px\" \/><\/figure>\n\n\n\n<figure class=\"wp-block-image size-medium\"><img width=\"475\" height=\"600\" src=\"https:\/\/www.stabiacciu.com\/wp-content\/uploads\/2022\/04\/Screenshot_20210912-104718_Instagram.jpg\" alt=\"Camping \u00dc Stabiacciu : restaurant\" class=\"wp-image-1058\" srcset=\"https:\/\/www.stabiacciu.com\/wp-content\/uploads\/2022\/04\/Screenshot_20210912-104718_Instagram.jpg 475w, https:\/\/www.stabiacciu.com\/wp-content\/uploads\/2022\/04\/Screenshot_20210912-104718_Instagram-238x300.jpg 238w\" sizes=\"(max-width: 475px) 100vw, 475px\" \/><\/figure>\n\n\n\n<figure class=\"wp-block-image size-medium\"><img width=\"450\" height=\"600\" src=\"https:\/\/www.stabiacciu.com\/wp-content\/uploads\/2022\/04\/20210909_202851.jpg\" alt=\"Camping \u00dc Stabiacciu : au\u00dfen\" class=\"wp-image-1100\" srcset=\"https:\/\/www.stabiacciu.com\/wp-content\/uploads\/2022\/04\/20210909_202851.jpg 450w, https:\/\/www.stabiacciu.com\/wp-content\/uploads\/2022\/04\/20210909_202851-225x300.jpg 225w\" sizes=\"(max-width: 450px) 100vw, 450px\" \/><\/figure>\n<\/figure>\n<\/div>\n<\/div>\n<\/div><\/section>\n\n\n\n<div class=\"wp-block-cover\" style=\"min-height:375px\"><span aria-hidden=\"true\" class=\"has-couleur-3-background-color wp-block-cover__gradient-background has-background-dim\"><\/span><img width=\"2000\" height=\"892\" class=\"wp-block-cover__image-background wp-image-1115\" alt=\"Camping festif en Corse \u00dc Stabiacciu\" src=\"https:\/\/www.stabiacciu.com\/wp-content\/uploads\/2022\/04\/20210829_182137.jpg\" data-object-fit=\"cover\" srcset=\"https:\/\/www.stabiacciu.com\/wp-content\/uploads\/2022\/04\/20210829_182137.jpg 2000w, https:\/\/www.stabiacciu.com\/wp-content\/uploads\/2022\/04\/20210829_182137-300x134.jpg 300w, https:\/\/www.stabiacciu.com\/wp-content\/uploads\/2022\/04\/20210829_182137-1024x457.jpg 1024w, https:\/\/www.stabiacciu.com\/wp-content\/uploads\/2022\/04\/20210829_182137-768x343.jpg 768w, https:\/\/www.stabiacciu.com\/wp-content\/uploads\/2022\/04\/20210829_182137-1536x685.jpg 1536w\" sizes=\"(max-width: 2000px) 100vw, 2000px\" \/><div class=\"wp-block-cover__inner-container\">\n<p class=\"has-text-align-center has-large-font-size\"><\/p>\n<\/div><\/div>\n\n\n\n<div class=\"wp-container-6a09d842d9a7f wp-block-group bg-violet\"><div class=\"wp-block-group__inner-container\">\n<div class=\"wp-block-columns boxage-large s-80-a\">\n<div class=\"wp-block-column\">\n<figure class=\"wp-block-image size-full cadre-bottom-right overlay-top\"><img width=\"624\" height=\"600\" src=\"https:\/\/www.stabiacciu.com\/wp-content\/uploads\/2022\/04\/D1A1852.jpg\" alt=\"Campingplatz mit Schwimmbad auf Korsika in Porto Vecchio: \u00dc Stabiacciu\" class=\"wp-image-1105\" srcset=\"https:\/\/www.stabiacciu.com\/wp-content\/uploads\/2022\/04\/D1A1852.jpg 624w, https:\/\/www.stabiacciu.com\/wp-content\/uploads\/2022\/04\/D1A1852-300x288.jpg 300w\" sizes=\"(max-width: 624px) 100vw, 624px\" \/><\/figure>\n<\/div>\n\n\n\n<div class=\"wp-block-column\">\n<h2 id=\"decouvrez-hupamanotre-espace-aquatique-dedie\"><strong>Club<\/strong>-Atmosph\u00e4re <br><em>versichert, in HUPAMA<\/em><\/h2>\n\n\n\n<div class=\"wp-block-group encart-information\"><div class=\"wp-block-group__inner-container\">\n<p>WICHTIG: <strong>Kinder und Minderj\u00e4hrige sind bei den Poolpartys am Sonntag nicht zugelassen<\/strong>. Jugendliche <strong>ab 16 Jahren sind in Begleitung ihrer Eltern erlaubt<\/strong>.<\/p>\n<\/div><\/div>\n\n\n\n<p>Die Sommersaison steht mit den sch\u00f6nen Tagen vor der T\u00fcr. Es ist an der Zeit, die Sonne und die lauen <strong>Sommerabende<\/strong> in vollen Z\u00fcgen zu genie\u00dfen. M\u00f6chten Sie <strong>einen sch\u00f6nen Abend verbringen<\/strong>? Erleben Sie den Augenblick und genie\u00dfen Sie einfach Ihren Aufenthalt mit Freunden oder Verwandten auf einem <strong>Campingplatz in Porto Vecchio mit Swimmingpool.<\/strong><\/p>\n\n\n\n<p>Der HUPAMA-Bereich des Campingplatzes \u00dc Stabiacciu ist da, um Ihre W\u00fcnsche f\u00fcr einen <strong>festlichen Urlaub im S\u00fcden Korsikas<\/strong> zu erf\u00fcllen! W\u00e4hrend Ihres gesamten Aufenthalts auf dem Campingplatz in Porto Vecchio und auch wenn Sie nur auf der Durchreise sind, sind Sie herzlich willkommen!<\/p>\n\n\n\n<p>HUPAMA organisiert Themenabende (80er, 90er Jahre&#8230;), DJ-Sets, Konzerte und Pool-Partys. Die <strong>Animationen<\/strong> finden an bestimmten <strong>Abenden<\/strong>, aber auch an <strong>Sonntag<\/strong><strong>nachmittagen<\/strong> statt. <\/p>\n\n\n\n<p>Sie k\u00f6nnen sich auch bei einem unserer leckeren <strong>Cocktails<\/strong> oder <strong>Smoothies<\/strong> entspannen.<\/p>\n\n\n\n<div class=\"wp-block-group encart-information\"><div class=\"wp-block-group__inner-container\">\n<p>Die Abende stehen nicht nur den G\u00e4sten, sondern auch dem <strong>Publikum au\u00dferhalb <\/strong>des Campingplatzes offen.<\/p>\n<\/div><\/div>\n<\/div>\n<\/div>\n\n\n\n<div class=\"wp-block-columns boxage-large s-80-c\">\n<div class=\"wp-block-column\">\n<h3 id=\"camping-a-porto-vecchio-avec-piscine-en-corse-du-sud\">Camping \u00e0 Porto Vecchio avec piscine,<br>in S\u00fcdkorsika<\/h3>\n\n\n\n<p class=\"has-text-align-left ligne-pictos\"><i class=\"far fa-speakers\"><\/i><i class=\"far fa-beer-mug\"><\/i><i class=\"far fa-martini-glass\"><\/i><i class=\"far fa-sailboat\"><\/i><i class=\"far fa-person-hiking\"><\/i><i class=\"far fa-tree-palm\"><\/i><\/p>\n\n\n\n<p>Auf der Suche nach einem festlichen und lebhaften <strong>Campingplatz<\/strong> in S\u00fcdkorsika? Sie sollten wissen, dass der Wasserbereich des Campingplatzes voller kulinarischer Erlebnisse und Unterhaltungsangebote steckt. Genie\u00dfen Sie das Grillrestaurant und die Bar, die sich am Pool Ihres Campingplatzes in Porto Vecchio befinden. Genie\u00dfen Sie Gegrilltes bei einem Getr\u00e4nk, w\u00e4hrend Sie die dort stattfindenden Konzerte verfolgen. Tauchen Sie ein in ein fesselndes <strong>Musikerlebnis<\/strong>, das Sie nicht so schnell vergessen werden. Lokale und nationale K\u00fcnstler treten in Porto Vecchio auf und entf\u00fchren Sie in eine elektrisierende Atmosph\u00e4re. Verpassen Sie nicht diese besonderen Momente zwischen Baden, Musik und Gastronomie, die Ihrem Urlaub in S\u00fcdkorsika einen Hauch von Magie verleihen. <\/p>\n\n\n\n<p>Beschr\u00e4nken Sie sich aber nicht nur auf den HUPAMA-Raum! Sie k\u00f6nnen auch an anderen, ebenso aufregenden Aktivit\u00e4ten au\u00dferhalb dieses stimmungsvollen Bereichs teilnehmen. In der N\u00e4he des herrlichen <strong><a href=\"https:\/\/www.stabiacciu.com\/de\/alentours\/strand-palombaggia\/\" data-type=\"alentours\" data-id=\"1286\">Strandes von Palombaggia<\/a><\/strong> gelegen, nutzen Sie Ihren Aufenthalt auf einem Campingplatz mit Pool in Porto Vecchio, um <a href=\"https:\/\/www.stabiacciu.com\/de\/tourismus\/\" data-type=\"URL\" data-id=\"https:\/\/www.stabiacciu.com\/tourisme\/\">S\u00fcdkorsika zu erkunden<\/a>. Der Strand von Palombaggia ist f\u00fcr sein kristallklares Wasser bekannt und bietet eine traumhafte Kulisse, um sich unter der korsischen Sonne dem Faulenzen hinzugeben. Nach einem Moment der Entspannung k\u00f6nnen Sie die Unterwasserwelt entdecken, indem Sie sich im Schnorcheln versuchen oder einfach nur baden gehen. Ob Sie nun auf der Suche nach einem lebhaften Abend mit Freunden oder einem nicht allt\u00e4glichen Ausflug sind, die Stadt Porto Vecchio im S\u00fcden Korsikas hat alles, um Ihre Erwartungen zu erf\u00fcllen.<\/p>\n\n\n\n<div class=\"wp-container-6a09d842d9732 wp-block-buttons\">\n<div class=\"wp-block-button btn_full\"><a class=\"wp-block-button__link\" href=\"https:\/\/www.stabiacciu.com\/de\/aktivitaeten-dienstleistungen\/\">Erfahren Sie mehr \u00fcber unsere Animationen <i class=\"far fa-angle-right\"><\/i><\/a><\/div>\n\n\n\n<div class=\"wp-block-button\"><a class=\"wp-block-button__link\" href=\"https:\/\/www.stabiacciu.com\/de\/aktivitaeten-dienstleistungen\/#agenda\">Programm ansehen <i class=\"far fa-angle-right\"><\/i><\/a><\/div>\n<\/div>\n<\/div>\n\n\n\n<div class=\"wp-block-column\">\n<figure class=\"wp-block-image size-full cadre-bottom-right\"><img width=\"552\" height=\"600\" src=\"https:\/\/www.stabiacciu.com\/wp-content\/uploads\/2022\/04\/X8A7591.jpg\" alt=\"Camping \u00dc Stabiacciu: Festlicher Campingplatz mit Pool in Porto Vecchio\" class=\"wp-image-1110\" srcset=\"https:\/\/www.stabiacciu.com\/wp-content\/uploads\/2022\/04\/X8A7591.jpg 552w, https:\/\/www.stabiacciu.com\/wp-content\/uploads\/2022\/04\/X8A7591-276x300.jpg 276w\" sizes=\"(max-width: 552px) 100vw, 552px\" \/><\/figure>\n<\/div>\n<\/div>\n<\/div><\/div>\n\n\n\n<div class=\"wp-block-cover\" style=\"min-height:375px\"><span aria-hidden=\"true\" class=\"has-couleur-1-background-color wp-block-cover__gradient-background has-background-dim\"><\/span><img width=\"1607\" height=\"1088\" class=\"wp-block-cover__image-background wp-image-689\" alt=\"\" src=\"https:\/\/www.stabiacciu.com\/wp-content\/uploads\/2022\/04\/D1A1840.jpg\" style=\"object-position:62% 68%\" data-object-fit=\"cover\" data-object-position=\"62% 68%\" srcset=\"https:\/\/www.stabiacciu.com\/wp-content\/uploads\/2022\/04\/D1A1840.jpg 1607w, https:\/\/www.stabiacciu.com\/wp-content\/uploads\/2022\/04\/D1A1840-300x203.jpg 300w, https:\/\/www.stabiacciu.com\/wp-content\/uploads\/2022\/04\/D1A1840-1024x693.jpg 1024w, https:\/\/www.stabiacciu.com\/wp-content\/uploads\/2022\/04\/D1A1840-768x520.jpg 768w, https:\/\/www.stabiacciu.com\/wp-content\/uploads\/2022\/04\/D1A1840-1536x1040.jpg 1536w\" sizes=\"(max-width: 1607px) 100vw, 1607px\" \/><div class=\"wp-block-cover__inner-container\">\n<p class=\"has-text-align-center has-large-font-size\"><\/p>\n<\/div><\/div>\n","protected":false},"excerpt":{"rendered":"<p>Folgen Sie uns Um keine Party zu verpassen Entdecken Sie Hupama das Schwimmbad des Campingplatzes VON ANFANG MAI BIS ENDE SEPTEMBER GE\u00d6FFNET Der festliche Campingplatz \u00dc Stabiacciu in S\u00fcdkorsika liegt am s\u00fcdlichen Ausgang von Porto-Vecchio und verf\u00fcgt \u00fcber einen gro\u00dfen Wasserbereich, der Ihren Urlaub stimmungsvoll gestalten wird: Tauchen Sie in die Clubwelt von HUPAMA ein. [&hellip;]<\/p>\n","protected":false},"author":1,"featured_media":0,"parent":0,"menu_order":0,"comment_status":"closed","ping_status":"closed","template":"","meta":[],"acf":[],"_links":{"self":[{"href":"https:\/\/www.stabiacciu.com\/de\/wp-json\/wp\/v2\/pages\/1765"}],"collection":[{"href":"https:\/\/www.stabiacciu.com\/de\/wp-json\/wp\/v2\/pages"}],"about":[{"href":"https:\/\/www.stabiacciu.com\/de\/wp-json\/wp\/v2\/types\/page"}],"author":[{"embeddable":true,"href":"https:\/\/www.stabiacciu.com\/de\/wp-json\/wp\/v2\/users\/1"}],"replies":[{"embeddable":true,"href":"https:\/\/www.stabiacciu.com\/de\/wp-json\/wp\/v2\/comments?post=1765"}],"version-history":[{"count":6,"href":"https:\/\/www.stabiacciu.com\/de\/wp-json\/wp\/v2\/pages\/1765\/revisions"}],"predecessor-version":[{"id":3491,"href":"https:\/\/www.stabiacciu.com\/de\/wp-json\/wp\/v2\/pages\/1765\/revisions\/3491"}],"wp:attachment":[{"href":"https:\/\/www.stabiacciu.com\/de\/wp-json\/wp\/v2\/media?parent=1765"}],"curies":[{"name":"wp","href":"https:\/\/api.w.org\/{rel}","templated":true}]}}