{"id":1759,"date":"2022-04-20T17:32:37","date_gmt":"2022-04-20T15:32:37","guid":{"rendered":"https:\/\/www.stabiacciu.com\/standorte\/"},"modified":"2024-11-20T19:22:39","modified_gmt":"2024-11-20T18:22:39","slug":"standorte","status":"publish","type":"page","link":"https:\/\/www.stabiacciu.com\/de\/standorte\/","title":{"rendered":"Campingpl\u00e4tze"},"content":{"rendered":"\n<div class=\"wp-block-cover boxage-large s-100-a\" style=\"min-height:609px\"><span aria-hidden=\"true\" class=\"has-background-dim-0 wp-block-cover__gradient-background has-background-dim\"><\/span><img width=\"1200\" height=\"756\" class=\"wp-block-cover__image-background wp-image-1563\" alt=\"Camping \u00dc Stabiacciu : Img 0401 C\" src=\"https:\/\/www.stabiacciu.com\/wp-content\/uploads\/2022\/04\/IMG_0401_c-1.jpg\" style=\"object-position:54% 72%\" data-object-fit=\"cover\" data-object-position=\"54% 72%\" srcset=\"https:\/\/www.stabiacciu.com\/wp-content\/uploads\/2022\/04\/IMG_0401_c-1.jpg 1200w, https:\/\/www.stabiacciu.com\/wp-content\/uploads\/2022\/04\/IMG_0401_c-1-300x189.jpg 300w, https:\/\/www.stabiacciu.com\/wp-content\/uploads\/2022\/04\/IMG_0401_c-1-1024x645.jpg 1024w, https:\/\/www.stabiacciu.com\/wp-content\/uploads\/2022\/04\/IMG_0401_c-1-768x484.jpg 768w\" sizes=\"(max-width: 1200px) 100vw, 1200px\" \/><div class=\"wp-block-cover__inner-container\">\n<p class=\"has-large-font-size\"><\/p>\n<\/div><\/div>\n\n<section class=\"wp-container-69f3e6de770aa wp-block-group\"><div class=\"wp-block-group__inner-container\">\n<div class=\"wp-block-columns boxage-large s-90-a\">\n<div class=\"wp-block-column\">\n<h1 id=\"nos-emplacements-de-camping-a-porto-vecchio\">Unsere <strong>Stellpl\u00e4tze<\/strong><br\/><em>von Campingpl\u00e4tzen in Porto-Vecchio<\/em><\/h1>\n\n\n\n<p>Sie sind auf der Suche nach einem Stellplatz f\u00fcr einen <strong>Campingplatz<\/strong>?<\/p>\n\n\n\n<p>Der Camping \u00dc Stabiacciu in S\u00fcdkorsika bietet Ihnen fast <strong>75 Campingpl\u00e4tze<\/strong> zur Miete an. Stellen Sie Ihr Zelt inmitten der wilden Natur auf unserem <strong>4,5 Hektar<\/strong> gro\u00dfen Camping auf. Die Stellpl\u00e4tze sind mit Korkeichen, Eukalyptusb\u00e4umen und Kiefern bepflanzt. Sie sind au\u00dferdem mit Myrten- und Erdbeerbaumpl\u00e4nen verkleidet. <\/p>\n\n\n\n<p>Genie\u00dfen Sie die korsische Natur und die Abwechslung, um neue Energie zu tanken und einen paradiesischen Aufenthalt auf der Insel der Sch\u00f6nheit zu verbringen!<\/p>\n<\/div>\n\n\n\n<div class=\"wp-block-column\">\n<figure class=\"wp-block-gallery has-nested-images columns-4 is-cropped carrousel-deuximg cadre-bottom-right overlay-top\">\n<figure class=\"wp-block-image size-large\"><img width=\"1024\" height=\"576\" src=\"https:\/\/www.stabiacciu.com\/wp-content\/uploads\/2024\/08\/IMG-20240801-WA0046-1024x576.jpg\" alt=\"Camping &#xDC; Stabiacciu : Img 20240801 Wa0046\" class=\"wp-image-3698\" srcset=\"https:\/\/www.stabiacciu.com\/wp-content\/uploads\/2024\/08\/IMG-20240801-WA0046-1024x576.jpg 1024w, https:\/\/www.stabiacciu.com\/wp-content\/uploads\/2024\/08\/IMG-20240801-WA0046-300x169.jpg 300w, https:\/\/www.stabiacciu.com\/wp-content\/uploads\/2024\/08\/IMG-20240801-WA0046-768x432.jpg 768w, https:\/\/www.stabiacciu.com\/wp-content\/uploads\/2024\/08\/IMG-20240801-WA0046-1536x864.jpg 1536w, https:\/\/www.stabiacciu.com\/wp-content\/uploads\/2024\/08\/IMG-20240801-WA0046.jpg 1600w\" sizes=\"(max-width: 1024px) 100vw, 1024px\" \/><\/figure>\n\n\n\n<figure class=\"wp-block-image size-large\"><img width=\"576\" height=\"1024\" src=\"https:\/\/www.stabiacciu.com\/wp-content\/uploads\/2024\/08\/IMG-20240801-WA0042-576x1024.jpg\" alt=\"Camping &#xDC; Stabiacciu : Img 20240801 Wa0042\" class=\"wp-image-3694\" srcset=\"https:\/\/www.stabiacciu.com\/wp-content\/uploads\/2024\/08\/IMG-20240801-WA0042-576x1024.jpg 576w, https:\/\/www.stabiacciu.com\/wp-content\/uploads\/2024\/08\/IMG-20240801-WA0042-169x300.jpg 169w, https:\/\/www.stabiacciu.com\/wp-content\/uploads\/2024\/08\/IMG-20240801-WA0042-768x1365.jpg 768w, https:\/\/www.stabiacciu.com\/wp-content\/uploads\/2024\/08\/IMG-20240801-WA0042-864x1536.jpg 864w, https:\/\/www.stabiacciu.com\/wp-content\/uploads\/2024\/08\/IMG-20240801-WA0042.jpg 900w\" sizes=\"(max-width: 576px) 100vw, 576px\" \/><\/figure>\n\n\n\n<figure class=\"wp-block-image size-large\"><img width=\"1024\" height=\"576\" src=\"https:\/\/www.stabiacciu.com\/wp-content\/uploads\/2024\/08\/IMG-20240801-WA0049-1024x576.jpg\" alt=\"Camping &#xDC; Stabiacciu : Img 20240801 Wa0049\" class=\"wp-image-3690\" srcset=\"https:\/\/www.stabiacciu.com\/wp-content\/uploads\/2024\/08\/IMG-20240801-WA0049-1024x576.jpg 1024w, https:\/\/www.stabiacciu.com\/wp-content\/uploads\/2024\/08\/IMG-20240801-WA0049-300x169.jpg 300w, https:\/\/www.stabiacciu.com\/wp-content\/uploads\/2024\/08\/IMG-20240801-WA0049-768x432.jpg 768w, https:\/\/www.stabiacciu.com\/wp-content\/uploads\/2024\/08\/IMG-20240801-WA0049-1536x864.jpg 1536w, https:\/\/www.stabiacciu.com\/wp-content\/uploads\/2024\/08\/IMG-20240801-WA0049.jpg 1600w\" sizes=\"(max-width: 1024px) 100vw, 1024px\" \/><\/figure>\n<\/figure>\n<\/div>\n<\/div>\n<\/div><\/section>\n\n<section class=\"wp-container-69f3e6de7746e wp-block-group boxage-small s-80-c\"><div class=\"wp-block-group__inner-container\">\n<h2 id=\"louez-emplacement-camping-pres-de-la-mer\">Mieten Sie einen <strong>Camping-Stellplatz<\/strong> <em>am Meer<\/em><\/h2>\n\n\n\n<p>Wenn Sie mit Freunden oder der Familie einen Urlaub auf Korsika verbringen m\u00f6chten und einen Campingplatz in der N\u00e4he von Porto Vecchio suchen, brauchen Sie nicht weiter zu fahren! F\u00fcr diejenigen, die gerne mit leichtem Gep\u00e4ck reisen, bietet der Campingplatz \u00dc Stabiacciu, Zeltpl\u00e4tze in einer au\u00dfergew\u00f6hnlichen Umgebung. Wenn Sie sich lieber in einem \u00fcberdachten und funktionalen Raum entspannen m\u00f6chten, bietet unser <strong>Campingplatz in der N\u00e4he von Palombaggia<\/strong> die <a href=\"https:\/\/www.stabiacciu.com\/de\/vermietungen\/\" data-type=\"page\" data-id=\"403\">Vermietung von Chalets aus Massivholz<\/a> an..<\/p>\n\n\n\n<p>Unsere Stellpl\u00e4tze sind mit allen Arten von Fahrzeugen kompatibel. Ob Sie mit dem Wohnmobil, dem Wohnwagen, dem Auto, dem Van oder sogar mit dem Motorrad unterwegs sind, finden Sie bei Ihrem Zwischenstopp auf Korsika auf dem <strong>3-Sterne-Campingplatz \u00dc Stabiacciu<\/strong> Ihr Gl\u00fcck.<\/p>\n\n\n\n<p>In der N\u00e4he des <a href=\"https:\/\/www.stabiacciu.com\/de\/alentours\/strand-santa-giulia\/\" data-type=\"alentours\" data-id=\"1285\">Strandes von SantaGiulia<\/a> und dem <a href=\"https:\/\/www.stabiacciu.com\/de\/alentours\/strand-palombaggia\/\" data-type=\"alentours\" data-id=\"1286\">Strand von Palombaggia<\/a>, Unser Campingplatz bietet Ihnen eine ideale Lage f\u00fcr einen <strong>Urlaub am Meer<\/strong>. Er steht im Zeichen der Geselligkeit und des Feierns. Wenn Sie auf einem unserer Stellpl\u00e4tze \u00fcbernachten, k\u00f6nnen Sie von den zahlreichen Vorteilen unseres Campingplatzes profitieren.  Mit einem <a href=\"https:\/\/www.stabiacciu.com\/de\/wasserraum\/\" data-type=\"page\" data-id=\"407\">belebten und festlichen Pool<\/a>, einschlie\u00dflich <strong>Poolpartys<\/strong> und <strong>Musikabenden<\/strong>, wird die Zeit wie im Flug vergehen. Au\u00dferdem stehen Ihnen ein Restaurant und eine Bar zur Verf\u00fcgung.<\/p>\n\n\n\n<p>Ein Aufenthalt bei uns bedeutet auch, einfach die Kultur und die besonderen Landschaften Korsikas genie\u00dfen zu k\u00f6nnen. Die <strong>sch\u00f6nsten Str\u00e4nde Korsikas<\/strong> erwarten Sie, sei es zum Flanieren im feinen Sand, zum Baden im blauen Wasser oder zum Wassersport.<\/p>\n\n\n\n<p>Ob Sie nun einen <a href=\"https:\/\/www.stabiacciu.com\/de\/\" data-type=\"URL\" data-id=\"https:\/\/www.stabiacciu.com\/de\/\">Campingplatz in der N\u00e4he von Porto Vecchio<\/a> suchen, um zu feiern und im Rhythmus der Stadt zu vibrieren, oder um einen entspannten und idyllischen Urlaub zu verbringen, unser Campingplatz garantiert Ihnen einen <strong>himmlischen Aufenthalt<\/strong>.<\/p>\n<\/div><\/section>\n\n<section class=\"wp-container-69f3e6de77749 wp-block-group bg-turquoise\"><div class=\"wp-block-group__inner-container\"><\/div><\/section>\n\n<section class=\"wp-container-69f3e6de781b3 wp-block-group bg-turquoise\"><div class=\"wp-block-group__inner-container\">\n<div class=\"wp-container-69f3e6de77ef2 wp-block-group boxage-small s-80-c\"><div class=\"wp-block-group__inner-container\">\n<h2 id=\"les-services-du-camping-u-stabiacciu\">Die <strong>Dienstleistungen<\/strong><br\/><em>des Campingplatzes \u00dc Stabiacciu <\/em><br\/> <\/h2>\n\n\n\n<p>Wenn Sie auf dem Campingplatz \u00dc Stabiacciu in Porto Vecchio wohnen, profitieren Sie von Komfort und hochwertigen Dienstleistungen.<br\/>Sie haben die M\u00f6glichkeit, <strong>K\u00fchlschr\u00e4nke<\/strong> zu mieten (6.00\u20ac\/Tag). Wenn Sie einen Stellplatz buchen, haben Sie auch Zugang zu den <strong>Sanit\u00e4ranlagen<\/strong>, den <strong>Gemeinschaftsgrills<\/strong> und den <strong>Stroms\u00e4ulen <\/strong>, die auf dem Gel\u00e4nde verteilt sind. \u00dc Stabiacciu stellt einen<strong> Waschsalon<\/strong> mit Waschmaschine, Trockner und B\u00fcgelset zur Verf\u00fcgung. Morgens k\u00f6nnen Sie gerne beim <strong>Brot- und Geb\u00e4ckverkauf<\/strong> vorbeischauen (am Vortag bestellen).<\/p>\n\n\n\n<div class=\"wp-block-group encart-information\"><div class=\"wp-block-group__inner-container\">\n<p class=\"has-couleur-3-color has-couleur-4-background-color has-text-color has-background\"><strong><em>Das kleine +: Die Toiletten sind mit Toilettenpapier ausgestattet.<\/em><\/strong><\/p>\n<\/div><\/div>\n\n\n\n<div class=\"wp-block-group encart-information\"><div class=\"wp-block-group__inner-container\">\n<p><strong><em>Besucher werden nicht akzeptiert<\/em><\/strong><\/p>\n<\/div><\/div>\n\n\n\n<div class=\"wp-block-columns\">\n<div class=\"wp-block-column\">\n<div class=\"wp-block-columns\">\n<div class=\"wp-block-column\" style=\"flex-basis:30%\">\n<p class=\"ligne-pictos\"><i class=\"far fa-dog-leashed\"><\/i><i class=\"far fa-bolt-lightning\"><\/i><\/p>\n<\/div>\n\n\n\n<div class=\"wp-block-column is-vertically-aligned-center\" style=\"flex-basis:70%\">\n<p class=\"legende\">angeleinte<strong>Hunde<\/strong> erlaubt<\/p>\n\n\n\n<p>Stromanschl\u00fcsse<\/p>\n<\/div>\n<\/div>\n<\/div>\n\n\n\n<div class=\"wp-block-column\">\n<div class=\"wp-block-columns\">\n<div class=\"wp-block-column\" style=\"flex-basis:30%\">\n<p class=\"ligne-pictos\"><i class=\"far fa-shish-kebab\"><\/i><i class=\"far fa-baguette\"><\/i><\/p>\n<\/div>\n\n\n\n<div class=\"wp-block-column is-vertically-aligned-center\" style=\"flex-basis:70%\">\n<p class=\"legende\">BBQ &#8211; <strong>Brot<\/strong> <\/p>\n\n\n\n<p>Gemeinschaftsgrills, Brotverkaufsdepot<\/p>\n<\/div>\n<\/div>\n<\/div>\n<\/div>\n\n\n\n<div class=\"wp-container-69f3e6de77c4c wp-block-buttons\">\n<div class=\"wp-block-button\"><a class=\"wp-block-button__link\" href=\"https:\/\/www.stabiacciu.com\/de\/aktivitaeten-dienstleistungen\/\">Alle Dienste anzeigen <i class=\"far fa-angle-right\"><\/i><\/a><\/div>\n<\/div>\n<\/div><\/div>\n<\/div><\/section>\n\n<div class=\"wp-block-cover\" style=\"min-height:375px\"><span aria-hidden=\"true\" class=\"has-couleur-3-background-color wp-block-cover__gradient-background has-background-dim\"><\/span><img width=\"1200\" height=\"800\" class=\"wp-block-cover__image-background wp-image-1130\" alt=\"Camping \u00dc Stabiacciu : Img 0403 C\" src=\"https:\/\/www.stabiacciu.com\/wp-content\/uploads\/2022\/04\/IMG_0403_c.jpg\" style=\"object-position:56% 56%\" data-object-fit=\"cover\" data-object-position=\"56% 56%\" srcset=\"https:\/\/www.stabiacciu.com\/wp-content\/uploads\/2022\/04\/IMG_0403_c.jpg 1200w, https:\/\/www.stabiacciu.com\/wp-content\/uploads\/2022\/04\/IMG_0403_c-300x200.jpg 300w, https:\/\/www.stabiacciu.com\/wp-content\/uploads\/2022\/04\/IMG_0403_c-1024x683.jpg 1024w, https:\/\/www.stabiacciu.com\/wp-content\/uploads\/2022\/04\/IMG_0403_c-768x512.jpg 768w\" sizes=\"(max-width: 1200px) 100vw, 1200px\" \/><div class=\"wp-block-cover__inner-container\">\n<p class=\"has-text-align-center has-large-font-size\"><\/p>\n<\/div><\/div>\n\n<section class=\"wp-container-69f3e6de78994 wp-block-group\"><div class=\"wp-block-group__inner-container\">\n<div class=\"wp-block-columns s-90-c boxage-large\">\n<div class=\"wp-block-column\">\n<div class=\"wp-block-columns\">\n<div class=\"wp-block-column\">\n<h2 id=\"sejourner-sur-un-emplacement-au-camping-u-stabiacciu\">Aufenthalt <strong>auf<\/strong> <strong>einem Stellplatz<\/strong><br\/><em>auf dem Campingplatz \u00dc Stabiacciu<\/em><\/h2>\n\n\n\n<div class=\"wp-block-image img-gif\"><figure class=\"aligncenter size-full\"><a href=\"www.corsicalinea.com\" target=\"_blank\" rel=\"noopener\"><img width=\"728\" height=\"90\" src=\"https:\/\/www.stabiacciu.com\/wp-content\/uploads\/2023\/12\/CL_728x90_BAT-728x90-boucle.gif\" alt=\"Camping &#xDC; Stabiacciu : Cl 728x90 Bat 728x90 Boucle\" class=\"wp-image-3071\"\/><\/a><\/figure><\/div>\n\n\n\n<p>Sind Sie an einer unserer Einrichtungen interessiert? <strong>Buchen Sie schnell Ihren Stellplatz auf dem Campingplatz \u00dc Stabiacciu!<\/strong><\/p>\n<\/div>\n\n\n\n<div class=\"wp-block-column\">\n<h3 id=\"les-tarifs-2025\">DIE TARIFE 2025<\/h3>\n\n\n\n<ul><li>Kurtaxe: 0,44 \u20ac\/Tag\/Person<\/li><li>Electricit\u00e9 : 4.90\u20ac (5 amp\u00e8res)<\/li><li><strong>Pauschale f\u00fcr Wasserentleerung\/-auff\u00fcllung f\u00fcr Wohnmobile 5\u20ac (nur f\u00fcr Aufenthalte von nur einer Nacht)<\/strong><\/li><li>Rechnen Sie mit 2,20\u20ac f\u00fcr einen Hund<\/li><li><strong>BEZAHLUNGSMETHODEN:<\/strong> <strong>Vor Ort:<\/strong> Bargeld, Kreditkarte. <strong>Online-Buchungen<\/strong>: Kreditkarte. <strong>SCHECKS UND AMERICAN EXPRESS WERDEN NICHT AKZEPTIERT.<\/strong><\/li><li><strong>Reservierung:<\/strong> Anzahlung 40%, Restbetrag bei Abreise<\/li><li><strong><mark style=\"background-color:#77FFD6\" class=\"has-inline-color\">WENN DER AUFENTHALT VOR ORT VERK\u00dcRZT WIRD, GIBT ES KEINE R\u00dcCKERSTATTUNG DER ANZAHLUNG (AUCH WENN DER AUFENTHALT GERINGER IST ALS DER BETRAG DER ANZAHLUNG). ABER WIR WERDEN NICHT DIE ZAHLUNG DES RESTBETRAGS VERLANGEN.<\/mark><\/strong><\/li><\/ul>\n<\/div>\n<\/div>\n\n\n\n<p><strong><mark style=\"background-color:#77FFD6\" class=\"has-inline-color\">UNSERE ESSENSANGEBOTE<\/mark><\/strong>: Kontaktieren Sie uns f\u00fcr weitere Informationen)<\/p>\n\n\n\n<ul class=\"has-couleur-3-background-color has-background\"><li><strong>Fr\u00fchst\u00fcck<\/strong> Hei\u00dfes Getr\u00e4nk, Fruchtsaft, Geb\u00e4ck, Toast 7.50\u20ac.<\/li><li><strong>Halbpension<\/strong> Fr\u00fchst\u00fcck, Abendessen (Hauptgericht, Dessert) PIZZERIAKOSTEN: Erwachsene (+11Jahre) 28\u20ac, Kinder (5 bis 10 Jahre) 14\u20ac, Baby (2 bis 4 Jahre) 9\u20ac.<\/li><li><strong>Formule All Inclusive<\/strong> petit-d\u00e9jeuner, d\u00e9jeuner (plat, dessert), d\u00eener (plat, dessert) et une s\u00e9lection de boissons COTE PIZZERIA : Adulte (+11ans) 59\u20ac, Enfant (5 \u00e0 10ans) 27\u20ac, Baby (2 \u00e0 4ans) 17\u20ac<\/li><li><strong>Premium-Formel<\/strong> Fr\u00fchst\u00fcck, Mittagessen (Hauptgericht, Dessert), Abendessen (Hauptgericht, Dessert) und eine Auswahl an Getr\u00e4nken auf der PIZZERIA-Seite; Eine Auswahl an Getr\u00e4nken auf der Poolseite: Erwachsene (+11 Jahre) 75\u20ac, Kinder (5-10 Jahre) 39\u20ac, Kleinkinder (2-4 Jahre) 25\u20ac.<\/li><\/ul>\n\n\n\n<div class=\"wp-container-69f3e6de7866a wp-block-buttons\">\n<div class=\"wp-block-button\"><a class=\"wp-block-button__link\" href=\"https:\/\/www.corsica-ferries.fr\/?ae=1443\" target=\"_blank\" rel=\"noreferrer noopener\">Buchen Sie auf Corsica Ferries<\/a><\/div>\n\n\n\n<div class=\"wp-block-button\"><a class=\"wp-block-button__link\" href=\"https:\/\/www.lameridionale.fr\/fr\" target=\"_blank\" rel=\"noreferrer noopener\">Buchen Sie auf La M\u00e9ridionale <\/a><\/div>\n\n\n\n<div class=\"wp-block-button\"><a class=\"wp-block-button__link\" href=\"https:\/\/www.aircorsica.com\/\" target=\"_blank\" rel=\"noreferrer noopener\">Buchen Sie auf Air Corsica<\/a><\/div>\n\n\n\n<div class=\"wp-block-button\"><a class=\"wp-block-button__link\" href=\"https:\/\/www.misterferry.fr\/fr\/corsica-ferries.aspx?UAID=587773\" target=\"_blank\" rel=\"noreferrer noopener\">Buchen Sie auf Mr Ferry<\/a><\/div>\n<\/div>\n\n\n\n<div class=\"wp-block-group encart-information\"><div class=\"wp-block-group__inner-container\">\n<p>Alle Fahrzeuge werden gez\u00e4hlt, au\u00dfer Fahrr\u00e4der<\/p>\n<\/div><\/div>\n\n\n\n<figure class=\"wp-block-table is-style-stripes\"><table><tbody><tr><td><\/td><td><strong>Vom 5. April bis zum 30. Juni<\/strong><\/td><td><strong>Vom 1. Juli bis zum 11. Juli<\/strong><\/td><td><\/td><\/tr><tr><td><\/td><td><strong>Vom 1. September bis zum 2. November<\/strong><\/td><td><strong>Vom 23. August bis 31. August<\/strong><\/td><td><strong>Vom 12. Juli bis 22. August<\/strong><\/td><\/tr><tr><td>Erwachsener (11 Jahre und \u00e4lter)<\/td><td>6,40 \u20ac<\/td><td>7,60 \u20ac<\/td><td>8,90 \u20ac<\/td><\/tr><tr><td>Kind (2 bis 10 Jahre)<\/td><td>3,60 \u20ac<\/td><td>4,30 \u20ac<\/td><td>4,80 \u20ac<\/td><\/tr><tr><td>Kleines und mittleres Zelt<\/td><td>3,50 \u20ac<\/td><td>4,00 \u20ac<\/td><td>4,50 \u20ac<\/td><\/tr><tr><td>Zelt gro\u00df<\/td><td>4,20 \u20ac<\/td><td>4,90 \u20ac<\/td><td>5,50 \u20ac<\/td><\/tr><tr><td>Vorzelt \/ Pavillon \/ H\u00e4ngematte \/ Schlafsack<\/td><td>2,50 \u20ac<\/td><td>2,70 \u20ac<\/td><td>2,90 \u20ac<\/td><\/tr><tr><td>Liegewagen<\/td><td>3,50 \u20ac<\/td><td>4,00 \u20ac<\/td><td>4,50 \u20ac<\/td><\/tr><tr><td>Wohnwagen \/ Carello-tenda<\/td><td>4,20 \u20ac<\/td><td>4,90 \u20ac<\/td><td>5,50 \u20ac<\/td><\/tr><tr><td>Van \/ Kleinbus \/ Lieferwagen<\/td><td>4,50 \u20ac<\/td><td>5,00 \u20ac<\/td><td>6,00 \u20ac<\/td><\/tr><tr><td>Auto + Dachzelt<\/td><td>4,50 \u20ac<\/td><td>5,00 \u20ac<\/td><td>6,00 \u20ac<\/td><\/tr><tr><td>Wohnmobil \/ LKW \/ Kastenwagen<\/td><td>6,20 \u20ac<\/td><td>7,80 \u20ac<\/td><td>8,30 \u20ac<\/td><\/tr><tr><td>Auto<\/td><td>2,40 \u20ac<\/td><td>3,00 \u20ac<\/td><td>3,60 \u20ac<\/td><\/tr><tr><td>Quad<\/td><td>2,20 \u20ac<\/td><td>2,60 \u20ac<\/td><td>3,20 \u20ac<\/td><\/tr><tr><td>Moto\/ scooter<\/td><td>2,00 \u20ac<\/td><td>2,30 \u20ac<\/td><td>2,90 \u20ac<\/td><\/tr><tr><td>Anh\u00e4nger<\/td><td>3,50 \u20ac<\/td><td>3,50 \u20ac<\/td><td>3,50 \u20ac<\/td><\/tr><tr><td>Elektrizit\u00e4t (5 Ampere)<\/td><td>4,90 \u20ac<\/td><td>4,90 \u20ac<\/td><td>4,90 \u20ac<\/td><\/tr><tr><td>Hund<\/td><td>2,20 \u20ac<\/td><td>2,20 \u20ac<\/td><td>2,20 \u20ac<\/td><\/tr><tr><td>Kurtaxe<\/td><td>0,44\u20ac \/ Tag \/ Person<\/td><td>0,44\u20ac \/ Tag \/ Person<\/td><td>0,44\u20ac \/ Tag \/ Person<\/td><\/tr><\/tbody><\/table><\/figure>\n<\/div>\n<\/div>\n<\/div><\/section>\n\n<div class=\"wp-block-cover\" style=\"min-height:375px\"><span aria-hidden=\"true\" class=\"has-couleur-1-background-color wp-block-cover__gradient-background has-background-dim\"><\/span><img width=\"2000\" height=\"732\" class=\"wp-block-cover__image-background wp-image-462\" alt=\"\" src=\"https:\/\/www.stabiacciu.com\/wp-content\/uploads\/2022\/04\/20210930_120926.jpg\" data-object-fit=\"cover\" srcset=\"https:\/\/www.stabiacciu.com\/wp-content\/uploads\/2022\/04\/20210930_120926.jpg 2000w, https:\/\/www.stabiacciu.com\/wp-content\/uploads\/2022\/04\/20210930_120926-300x110.jpg 300w, https:\/\/www.stabiacciu.com\/wp-content\/uploads\/2022\/04\/20210930_120926-1024x375.jpg 1024w, https:\/\/www.stabiacciu.com\/wp-content\/uploads\/2022\/04\/20210930_120926-768x281.jpg 768w, https:\/\/www.stabiacciu.com\/wp-content\/uploads\/2022\/04\/20210930_120926-1536x562.jpg 1536w\" sizes=\"(max-width: 2000px) 100vw, 2000px\" \/><div class=\"wp-block-cover__inner-container\">\n<p class=\"has-text-align-center has-large-font-size\"><\/p>\n<\/div><\/div>\n","protected":false},"excerpt":{"rendered":"<p>Unsere Stellpl\u00e4tzevon Campingpl\u00e4tzen in Porto-Vecchio Sie sind auf der Suche nach einem Stellplatz f\u00fcr einen Campingplatz? Der Camping \u00dc Stabiacciu in S\u00fcdkorsika bietet Ihnen fast 75 Campingpl\u00e4tze zur Miete an. Stellen Sie Ihr Zelt inmitten der wilden Natur auf unserem 4,5 Hektar gro\u00dfen Camping auf. Die Stellpl\u00e4tze sind mit Korkeichen, Eukalyptusb\u00e4umen und Kiefern bepflanzt. Sie [&hellip;]<\/p>\n","protected":false},"author":1,"featured_media":0,"parent":0,"menu_order":0,"comment_status":"closed","ping_status":"closed","template":"","meta":[],"acf":[],"_links":{"self":[{"href":"https:\/\/www.stabiacciu.com\/de\/wp-json\/wp\/v2\/pages\/1759"}],"collection":[{"href":"https:\/\/www.stabiacciu.com\/de\/wp-json\/wp\/v2\/pages"}],"about":[{"href":"https:\/\/www.stabiacciu.com\/de\/wp-json\/wp\/v2\/types\/page"}],"author":[{"embeddable":true,"href":"https:\/\/www.stabiacciu.com\/de\/wp-json\/wp\/v2\/users\/1"}],"replies":[{"embeddable":true,"href":"https:\/\/www.stabiacciu.com\/de\/wp-json\/wp\/v2\/comments?post=1759"}],"version-history":[{"count":6,"href":"https:\/\/www.stabiacciu.com\/de\/wp-json\/wp\/v2\/pages\/1759\/revisions"}],"predecessor-version":[{"id":3765,"href":"https:\/\/www.stabiacciu.com\/de\/wp-json\/wp\/v2\/pages\/1759\/revisions\/3765"}],"wp:attachment":[{"href":"https:\/\/www.stabiacciu.com\/de\/wp-json\/wp\/v2\/media?parent=1759"}],"curies":[{"name":"wp","href":"https:\/\/api.w.org\/{rel}","templated":true}]}}