{"id":1729,"date":"2022-04-20T17:28:15","date_gmt":"2022-04-20T15:28:15","guid":{"rendered":"https:\/\/www.stabiacciu.com\/aktivitaeten-dienstleistungen\/"},"modified":"2023-04-04T09:44:54","modified_gmt":"2023-04-04T07:44:54","slug":"aktivitaeten-dienstleistungen","status":"publish","type":"page","link":"https:\/\/www.stabiacciu.com\/de\/aktivitaeten-dienstleistungen\/","title":{"rendered":"Aktivit\u00e4ten &amp; Dienstleistungen"},"content":{"rendered":"\n<div class=\"wp-block-cover is-light boxage-large s-100-a\" style=\"min-height:609px\"><span aria-hidden=\"true\" class=\"has-background-dim-0 wp-block-cover__gradient-background has-background-dim\"><\/span><img width=\"1920\" height=\"1280\" class=\"wp-block-cover__image-background wp-image-1036\" alt=\"\" src=\"https:\/\/www.stabiacciu.com\/wp-content\/uploads\/2022\/04\/X8A7178.jpg\" style=\"object-position:52% 61%\" data-object-fit=\"cover\" data-object-position=\"52% 61%\" srcset=\"https:\/\/www.stabiacciu.com\/wp-content\/uploads\/2022\/04\/X8A7178.jpg 1920w, https:\/\/www.stabiacciu.com\/wp-content\/uploads\/2022\/04\/X8A7178-300x200.jpg 300w, https:\/\/www.stabiacciu.com\/wp-content\/uploads\/2022\/04\/X8A7178-1024x683.jpg 1024w, https:\/\/www.stabiacciu.com\/wp-content\/uploads\/2022\/04\/X8A7178-768x512.jpg 768w, https:\/\/www.stabiacciu.com\/wp-content\/uploads\/2022\/04\/X8A7178-1536x1024.jpg 1536w\" sizes=\"(max-width: 1920px) 100vw, 1920px\" \/><div class=\"wp-block-cover__inner-container\">\n<p class=\"has-large-font-size\"><\/p>\n<\/div><\/div>\n\n\n\n<section class=\"wp-container-69eb734f590de wp-block-group\"><div class=\"wp-block-group__inner-container\">\n<div class=\"wp-block-columns boxage-medium s-90-c\">\n<div class=\"wp-block-column\" style=\"flex-basis:60%\">\n<h1 id=\"animations-services-du-camping-u-stabiacciu\">Animationen <strong>&amp; Dienstleistungen<\/strong> <br><em>des Campingplatzes \u00dc Stabiacciu<\/em><\/h1>\n\n\n\n<p>Auf dem Campingplatz \u00dc Stabiacciu bleibt keine Zeit f\u00fcr Langeweile. Das Team des Campingplatzes hat f\u00fcr Sie eine Planung zusammengestellt, die genau auf Ihre Bed\u00fcrfnisse zugeschnitten ist. Ob am Nachmittag oder am Abend: Tanzen Sie und am\u00fcsieren Sie sich bei <strong>unseren Poolpartys<\/strong> und <strong>DJ-Abenden<\/strong>. Profitieren Sie auch von unseren <strong>verschiedenen Dienstleistungen<\/strong>, die f\u00fcr einen traumhaften Aufenthalt eingerichtet wurden: <strong>Bar, Restaurant-Pizzeria-Grill, Eisdielen, Grillpl\u00e4tze<\/strong>, etc.<\/p>\n<\/div>\n\n\n\n<div class=\"wp-block-column is-vertically-aligned-center\" style=\"flex-basis:40%\">\n<p class=\"has-text-align-center ligne-pictos\"><i class=\"far fa-water-ladder\"><\/i><i class=\"far fa-mask-snorkel\"><\/i><i class=\"far fa-person-hiking\"><\/i><i class=\"far fa-volleyball\"><\/i><i class=\"far fa-speaker\"><\/i><\/p>\n<\/div>\n<\/div>\n<\/div><\/section>\n\n\n\n<div class=\"wp-block-cover is-light\" style=\"min-height:375px\"><span aria-hidden=\"true\" class=\"has-couleur-1-background-color wp-block-cover__gradient-background has-background-dim\"><\/span><img width=\"1843\" height=\"1228\" class=\"wp-block-cover__image-background wp-image-700\" alt=\"\" src=\"https:\/\/www.stabiacciu.com\/wp-content\/uploads\/2022\/04\/cyril-caiazzo-_yma0ceyje4-unsplash.jpg\" style=\"object-position:41% 29%\" data-object-fit=\"cover\" data-object-position=\"41% 29%\" srcset=\"https:\/\/www.stabiacciu.com\/wp-content\/uploads\/2022\/04\/cyril-caiazzo-_yma0ceyje4-unsplash.jpg 1843w, https:\/\/www.stabiacciu.com\/wp-content\/uploads\/2022\/04\/cyril-caiazzo-_yma0ceyje4-unsplash-300x200.jpg 300w, https:\/\/www.stabiacciu.com\/wp-content\/uploads\/2022\/04\/cyril-caiazzo-_yma0ceyje4-unsplash-1024x682.jpg 1024w, https:\/\/www.stabiacciu.com\/wp-content\/uploads\/2022\/04\/cyril-caiazzo-_yma0ceyje4-unsplash-768x512.jpg 768w, https:\/\/www.stabiacciu.com\/wp-content\/uploads\/2022\/04\/cyril-caiazzo-_yma0ceyje4-unsplash-1536x1023.jpg 1536w\" sizes=\"(max-width: 1843px) 100vw, 1843px\" \/><div class=\"wp-block-cover__inner-container\">\n<p class=\"has-text-align-center has-large-font-size\"><\/p>\n<\/div><\/div>\n\n\n\n<section class=\"wp-container-69eb734f59a02 wp-block-group bg-turquoise\"><div class=\"wp-block-group__inner-container\">\n<div class=\"wp-block-columns boxage-large s-80-c\">\n<div class=\"wp-block-column\">\n<h2 id=\"les-activites-animations-en-journee-a-u-stabiacciu\">Aktivit\u00e4ten &amp; <strong>Animationen<\/strong> <br><em>tags\u00fcber in \u00dc Stabiacciu<\/em><\/h2>\n\n\n\n<p>Wenn Sie weniger auf Poolpartys und Musikveranstaltungen stehen, bietet Ihnen der Campingplatz \u00dc Stabiacciu auch eine <strong>gro\u00dfe Auswahl an Aktivit\u00e4ten<\/strong>, die Sie <strong>auf<\/strong> dem Campingplatz oder <strong>in der Umgebung<\/strong> unternehmen k\u00f6nnen.<\/p>\n\n\n\n<p class=\"titreh3\">Vor Ort<\/p>\n\n\n\n<p>Testen Sie unsere verschiedenen <strong>Restaurants<\/strong> und <strong>Bars<\/strong> f\u00fcr gesellige Stunden mit der Familie oder mit Freunden. Treten Sie dann gegen die G\u00e4ste des Campingplatzes bei einem <strong>Tischtennisturnier<\/strong> an. Sie wollen Korsika mit Kindern entdecken? Ihnen steht ein <strong>Spielplatz<\/strong> mit einem <strong>Trampolin<\/strong> zur Verf\u00fcgung.<\/p>\n\n\n\n<p class=\"titreh3\">In der Umgebung<\/p>\n\n\n\n<p>In wenigen Minuten haben Sie Zugang zur Stadt <strong>Porto Vecchio<\/strong>. Hier k\u00f6nnen Sie <strong>Jetski<\/strong> fahren, <strong>Wasserski<\/strong> fahren, <strong>Windsurfen<\/strong> oder auch <strong>Tauchen<\/strong>! Wenn Sie lieber mit den F\u00fc\u00dfen auf festem Boden bleiben m\u00f6chten, k\u00f6nnen Sie<strong>reiten<\/strong>, ins <strong>Kino <\/strong>oder in einen <strong>Nachtclub<\/strong> gehen oder sich <strong>im Freizeitpark Luna Park<\/strong> am\u00fcsieren. Mehrere<strong> Wanderwege<\/strong> f\u00fcr alle Niveaus sind ebenfalls zug\u00e4nglich. Entspannen Sie sich, indem Sie Ihr Handtuch an einem der wundersch\u00f6nen Str\u00e4nde S\u00fcdkorsikas ablegen: <strong>Santa Giulia<\/strong> und <strong>Palombaggia<\/strong>.<\/p>\n\n\n\n<p class=\"titreh3\">Unsere Partner<\/p>\n\n\n\n<ul><li><strong><a href=\"http:\/\/www.jetliberty.com\/\" target=\"_blank\" rel=\"noreferrer noopener\">Jet-Ski-Wanderungen<\/a><\/strong><\/li><li><strong><a href=\"http:\/\/www.amour-des-iles.com\/croisiere-corse\/\" target=\"_blank\" rel=\"noreferrer noopener\">Kreuzfahrten zu den Lavezzi-Inseln<\/a><\/strong><\/li><li><strong><a href=\"http:\/\/www.corsicadiving.com\/\" target=\"_blank\" rel=\"noreferrer noopener\">Tauchen<\/a><\/strong><\/li><li><strong><a href=\"https:\/\/www.facebook.com\/Lacciaro-plage-1400660663540760\/?fref=ts\" target=\"_blank\" rel=\"noreferrer noopener\">Paddle, Kajak und Pedalo<\/a><\/strong><\/li><li><strong><a href=\"http:\/\/www.blue-mare.com\/\" target=\"_blank\" rel=\"noreferrer noopener\">Bootsverleih<\/a><\/strong><\/li><\/ul>\n<\/div>\n\n\n\n<div class=\"wp-block-column\">\n<figure class=\"wp-block-gallery has-nested-images columns-default is-cropped cadre-top-right carrousel-deuximg overlay-top\">\n<figure class=\"wp-block-image size-full\"><img width=\"386\" height=\"500\" src=\"https:\/\/www.stabiacciu.com\/wp-content\/uploads\/2022\/04\/santa_giulia_ski_club__3420151105141129_500x500x65.jpg\" alt=\"\" class=\"wp-image-759\" srcset=\"https:\/\/www.stabiacciu.com\/wp-content\/uploads\/2022\/04\/santa_giulia_ski_club__3420151105141129_500x500x65.jpg 386w, https:\/\/www.stabiacciu.com\/wp-content\/uploads\/2022\/04\/santa_giulia_ski_club__3420151105141129_500x500x65-232x300.jpg 232w\" sizes=\"(max-width: 386px) 100vw, 386px\" \/><\/figure>\n\n\n\n<figure class=\"wp-block-image size-medium\"><img width=\"547\" height=\"600\" src=\"https:\/\/www.stabiacciu.com\/wp-content\/uploads\/2022\/04\/terrasse-3.jpg\" alt=\"Campingplatz \u00dc Stabiacciu: Terrasse 3\" class=\"wp-image-1069\" srcset=\"https:\/\/www.stabiacciu.com\/wp-content\/uploads\/2022\/04\/terrasse-3.jpg 547w, https:\/\/www.stabiacciu.com\/wp-content\/uploads\/2022\/04\/terrasse-3-274x300.jpg 274w\" sizes=\"(max-width: 547px) 100vw, 547px\" \/><\/figure>\n\n\n\n<figure class=\"wp-block-image size-medium\"><img width=\"450\" height=\"600\" src=\"https:\/\/www.stabiacciu.com\/wp-content\/uploads\/2022\/04\/20210930_120926-1.jpg\" alt=\"Campingplatz \u00dc Stabiacciu: 20210930 120926\" class=\"wp-image-1073\" srcset=\"https:\/\/www.stabiacciu.com\/wp-content\/uploads\/2022\/04\/20210930_120926-1.jpg 450w, https:\/\/www.stabiacciu.com\/wp-content\/uploads\/2022\/04\/20210930_120926-1-225x300.jpg 225w\" sizes=\"(max-width: 450px) 100vw, 450px\" \/><\/figure>\n\n\n\n<figure class=\"wp-block-image size-medium\"><img width=\"606\" height=\"600\" src=\"https:\/\/www.stabiacciu.com\/wp-content\/uploads\/2022\/04\/Screenshot_20210912-104213_Instagram.jpg\" alt=\"Campingplatz \u00dc Stabiacciu: Screenshot 20210912 104213 Instagram\" class=\"wp-image-1085\" srcset=\"https:\/\/www.stabiacciu.com\/wp-content\/uploads\/2022\/04\/Screenshot_20210912-104213_Instagram.jpg 606w, https:\/\/www.stabiacciu.com\/wp-content\/uploads\/2022\/04\/Screenshot_20210912-104213_Instagram-300x297.jpg 300w, https:\/\/www.stabiacciu.com\/wp-content\/uploads\/2022\/04\/Screenshot_20210912-104213_Instagram-150x150.jpg 150w\" sizes=\"(max-width: 606px) 100vw, 606px\" \/><\/figure>\n\n\n\n<figure class=\"wp-block-image size-medium\"><img width=\"568\" height=\"600\" src=\"https:\/\/www.stabiacciu.com\/wp-content\/uploads\/2022\/04\/bord-piscine.jpg\" alt=\"Camping \u00dc Stabiacciu: Rand Swimmingpool\" class=\"wp-image-1077\" srcset=\"https:\/\/www.stabiacciu.com\/wp-content\/uploads\/2022\/04\/bord-piscine.jpg 568w, https:\/\/www.stabiacciu.com\/wp-content\/uploads\/2022\/04\/bord-piscine-284x300.jpg 284w\" sizes=\"(max-width: 568px) 100vw, 568px\" \/><\/figure>\n\n\n\n<figure class=\"wp-block-image size-medium\"><img width=\"359\" height=\"600\" src=\"https:\/\/www.stabiacciu.com\/wp-content\/uploads\/2022\/04\/Screenshot_20210913-224222_Maps.jpg\" alt=\"Campingplatz \u00dc Stabiacciu: Screenshot 20210913 224222 Maps\" class=\"wp-image-1081\" srcset=\"https:\/\/www.stabiacciu.com\/wp-content\/uploads\/2022\/04\/Screenshot_20210913-224222_Maps.jpg 359w, https:\/\/www.stabiacciu.com\/wp-content\/uploads\/2022\/04\/Screenshot_20210913-224222_Maps-180x300.jpg 180w\" sizes=\"(max-width: 359px) 100vw, 359px\" \/><\/figure>\n\n\n\n<figure class=\"wp-block-image size-medium\"><img width=\"800\" height=\"600\" src=\"https:\/\/www.stabiacciu.com\/wp-content\/uploads\/2022\/04\/restaurant_04.jpg\" alt=\"\" class=\"wp-image-2040\" srcset=\"https:\/\/www.stabiacciu.com\/wp-content\/uploads\/2022\/04\/restaurant_04.jpg 800w, https:\/\/www.stabiacciu.com\/wp-content\/uploads\/2022\/04\/restaurant_04-300x225.jpg 300w, https:\/\/www.stabiacciu.com\/wp-content\/uploads\/2022\/04\/restaurant_04-768x576.jpg 768w\" sizes=\"(max-width: 800px) 100vw, 800px\" \/><\/figure>\n<\/figure>\n\n\n\n<div class=\"wp-container-69eb734f5972d wp-block-buttons\">\n<div class=\"wp-block-button btn_full btn_resa\"><a class=\"wp-block-button__link\">Meinen Aufenthalt buchen  <i class=\"far fa-magnifying-glass\"><\/i><\/a><\/div>\n\n\n\n<div class=\"wp-block-button\"><a class=\"wp-block-button__link\" href=\"https:\/\/www.stabiacciu.com\/de\/tourismus\/\">S\u00fcdkorsika entdecken  <i class=\"far fa-angle-right\"><\/i><\/a><\/div>\n<\/div>\n<\/div>\n<\/div>\n<\/div><\/section>\n\n\n\n<div class=\"wp-block-cover\" style=\"min-height:311px\"><span aria-hidden=\"true\" class=\"has-couleur-3-background-color wp-block-cover__gradient-background has-background-dim\"><\/span><img width=\"1920\" height=\"1440\" class=\"wp-block-cover__image-background wp-image-2032\" alt=\"Camping \u00dc Stabiacciu : Restaurant Full\" src=\"https:\/\/www.stabiacciu.com\/wp-content\/uploads\/2022\/04\/restaurant_full.jpg\" data-object-fit=\"cover\" srcset=\"https:\/\/www.stabiacciu.com\/wp-content\/uploads\/2022\/04\/restaurant_full.jpg 1920w, https:\/\/www.stabiacciu.com\/wp-content\/uploads\/2022\/04\/restaurant_full-300x225.jpg 300w, https:\/\/www.stabiacciu.com\/wp-content\/uploads\/2022\/04\/restaurant_full-1024x768.jpg 1024w, https:\/\/www.stabiacciu.com\/wp-content\/uploads\/2022\/04\/restaurant_full-768x576.jpg 768w, https:\/\/www.stabiacciu.com\/wp-content\/uploads\/2022\/04\/restaurant_full-1536x1152.jpg 1536w\" sizes=\"(max-width: 1920px) 100vw, 1920px\" \/><div class=\"wp-block-cover__inner-container\">\n<p class=\"has-text-align-center has-large-font-size\"><\/p>\n<\/div><\/div>\n\n\n\n<section class=\"wp-container-69eb734f59e62 wp-block-group\"><div class=\"wp-block-group__inner-container\">\n<div class=\"wp-block-columns boxage-medium s-90-c\">\n<div class=\"wp-block-column\">\n<h2 id=\"les-services-proposes-au-camping-a-porto-vecchio\">Die <strong>angebotenen <\/strong>Dienste  <br><em>auf dem Campingplatz in Porto Vecchio<\/em><\/h2>\n\n\n\n<p class=\"ligne-pictos\"><i class=\"far fa-washing-machine\"><\/i><i class=\"far fa-baby\"><\/i><i class=\"far fa-shish-kebab\"><\/i><i class=\"far fa-bolt\"><\/i><\/p>\n\n\n\n<p>Auf dem Campingplatz \u00dc Stabiacciu finden Sie alle <strong>Annehmlichkeiten<\/strong>, die Sie f\u00fcr einen perfekten Aufenthalt <strong>ben\u00f6tigen<\/strong>. Auf dem Campingplatz gibt es mehrere <strong>Restaurants und Bars<\/strong>. Dank des <strong>Brotverkaufsdepots<\/strong> k\u00f6nnen Sie morgens Ihr Geb\u00e4ck kaufen. Lust auf eine kleine Leckerei? Wir bieten auch den <strong>Verkauf von Eis <\/strong>an, um die Geschmacksknospen von Gro\u00df und Klein zu verw\u00f6hnen.<\/p>\n\n\n\n<p>Au\u00dferdem stellt der Campingplatz<strong> Leihk\u00fchlschr\u00e4nke<\/strong> und <strong>Gemeinschaftsgrills<\/strong> zur Verf\u00fcgung. Sie finden einen Waschraum: mit <strong>Waschmaschine<\/strong>, <strong>Trockner<\/strong>, <strong>B\u00fcgelbrett und B\u00fcgeleisen<\/strong>, sowie einen <strong>Kinderzimmerbereich<\/strong>.<\/p>\n\n\n\n<p>Wenn Sie besondere Dienstleistungen wie eine Apotheke ben\u00f6tigen, befindet sich \u00dc Stabiacciu 1<strong>,5 km vom Stadtzentrum von Porto Vecchio<\/strong> und <strong>2,5 km vom Hafen<\/strong> entfernt. F\u00fcr Notf\u00e4lle haben Sie die M\u00f6glichkeit, eine <strong>B\u00e4ckerei<\/strong> und einen <strong>Supermarkt<\/strong> zu besuchen, die nur <strong>500 m<\/strong> vom Campingplatz entfernt sind.<\/p>\n<\/div>\n\n\n\n<div class=\"wp-block-column\">\n<figure class=\"wp-block-image size-full overlay-top cadre-bottom-right\"><img width=\"659\" height=\"600\" src=\"https:\/\/www.stabiacciu.com\/wp-content\/uploads\/2022\/04\/restaurant_05.jpg\" alt=\"\" class=\"wp-image-2083\" srcset=\"https:\/\/www.stabiacciu.com\/wp-content\/uploads\/2022\/04\/restaurant_05.jpg 659w, https:\/\/www.stabiacciu.com\/wp-content\/uploads\/2022\/04\/restaurant_05-300x273.jpg 300w\" sizes=\"(max-width: 659px) 100vw, 659px\" \/><\/figure>\n<\/div>\n<\/div>\n<\/div><\/section>\n","protected":false},"excerpt":{"rendered":"<p>Animationen &amp; Dienstleistungen des Campingplatzes \u00dc Stabiacciu Auf dem Campingplatz \u00dc Stabiacciu bleibt keine Zeit f\u00fcr Langeweile. Das Team des Campingplatzes hat f\u00fcr Sie eine Planung zusammengestellt, die genau auf Ihre Bed\u00fcrfnisse zugeschnitten ist. Ob am Nachmittag oder am Abend: Tanzen Sie und am\u00fcsieren Sie sich bei unseren Poolpartys und DJ-Abenden. Profitieren Sie auch von [&hellip;]<\/p>\n","protected":false},"author":1,"featured_media":0,"parent":0,"menu_order":0,"comment_status":"closed","ping_status":"closed","template":"","meta":[],"acf":[],"_links":{"self":[{"href":"https:\/\/www.stabiacciu.com\/de\/wp-json\/wp\/v2\/pages\/1729"}],"collection":[{"href":"https:\/\/www.stabiacciu.com\/de\/wp-json\/wp\/v2\/pages"}],"about":[{"href":"https:\/\/www.stabiacciu.com\/de\/wp-json\/wp\/v2\/types\/page"}],"author":[{"embeddable":true,"href":"https:\/\/www.stabiacciu.com\/de\/wp-json\/wp\/v2\/users\/1"}],"replies":[{"embeddable":true,"href":"https:\/\/www.stabiacciu.com\/de\/wp-json\/wp\/v2\/comments?post=1729"}],"version-history":[{"count":6,"href":"https:\/\/www.stabiacciu.com\/de\/wp-json\/wp\/v2\/pages\/1729\/revisions"}],"predecessor-version":[{"id":2670,"href":"https:\/\/www.stabiacciu.com\/de\/wp-json\/wp\/v2\/pages\/1729\/revisions\/2670"}],"wp:attachment":[{"href":"https:\/\/www.stabiacciu.com\/de\/wp-json\/wp\/v2\/media?parent=1729"}],"curies":[{"name":"wp","href":"https:\/\/api.w.org\/{rel}","templated":true}]}}